{"id":951,"date":"2022-06-12T13:46:56","date_gmt":"2022-06-12T12:46:56","guid":{"rendered":"http:\/\/udppc-jpc-orleans-tours.fr\/OT\/?page_id=951"},"modified":"2023-03-14T10:57:34","modified_gmt":"2023-03-14T09:57:34","slug":"jpc-2022-tours","status":"publish","type":"page","link":"https:\/\/udppc-jpc-orleans-tours.fr\/OT\/jpc-2022-tours\/","title":{"rendered":"JPC 2022 Tours"},"content":{"rendered":"\n<p style=\"text-align: center;\"><strong><span style=\"color: #ff0000;\">Conf\u00e9rence du mardi 7 juin 2022<\/span><\/strong><\/p>\n<p><span style=\"color: #000080;\"><strong>Conf\u00e9rence C01 : RMN Liquide : Comment cette m\u00e9thode s\u2019est install\u00e9e dans l\u2019industrie et la recherche<\/strong>\u00a0\u2013\u00a0<strong>Cl\u00e9ment ORIONE \u2013 Ing\u00e9nieur d\u2019\u00e9tude en RMN \u00e0 l\u2019Universit\u00e9 de Rennes<\/strong><\/span><\/p>\n<p>Cette pr\u00e9sentation aura pour but de reprendre l\u2019historique de la RMN, de son fonctionnement, mais surtout des r\u00e9cents d\u00e9veloppements qui ont permis la g\u00e9n\u00e9ralisation de son utilisation dans divers domaines.<\/p>\n<p>Comment la RMN s\u2019est elle retrouv\u00e9e \u00eatre une des m\u00e9thodes les plus utilis\u00e9es dans la recherche, mais \u00e9galement dans l\u2019industrie agroalimentaire \/ pharmaceutique \/ environnementale \/ etc.<\/p>\n<p>Quelles sont aujourd\u2019hui les s\u00e9quences RMN qui sont utilis\u00e9es en routine dans la recherche, quelles sont les derni\u00e8res avanc\u00e9es en terme d\u2019optimisation et cr\u00e9ation de s\u00e9quences.<\/p>\n<p>Ce tour d\u2019horizon, \u00e0 des fins de vulgarisation, permettra je l\u2019esp\u00e8re d\u2019offrir une meilleure visibilit\u00e9 et compr\u00e9hension de cette technologie encore pleine de promesses.<\/p>\n<p><a href=\"https:\/\/udppc-jpc-orleans-tours.fr\/OT\/wp-content\/uploads\/2022\/06\/modelisation_VINCE_juin_2022_diff.pdf\" target=\"_blank\" rel=\"noopener noreferrer\"><span style=\"color: #000080;\"><strong>Conf\u00e9rence C02 : La mod\u00e9lisation, une d\u00e9marche essentielle pour l\u2019apprentissage. Contribution \u00e0 un nouveau point de vue sur les incertitudes de mesure<\/strong>\u00a0\u2013\u00a0<strong>Jacques VINCE \u2013 Enseignant au lyc\u00e9e Amp\u00e8re de Lyon \u2013 Membre de l\u2019IFE (institut fran\u00e7ais de l\u2019\u00e9ducation)<\/strong><\/span><\/a><\/p>\n<p>Les nouveaux programmes de physique-chimie font de la mod\u00e9lisation une d\u00e9marche essentielle pour former les \u00e9l\u00e8ves. Cet expos\u00e9 interactif tentera \u00e0 la fois de donner du sens \u00e0 l\u2019activit\u00e9 de mod\u00e9lisation et de justifier ce parti-pris qui doit pouvoir orienter les choix didactiques des enseignants.<\/p>\n<p>Apr\u00e8s avoir fait quelques constats au sujet de la nature des savoirs que nous devons enseigner, je tenterai de caract\u00e9riser la d\u00e9marche de mod\u00e9lisation et les \u00ab\u00a0deux mondes\u00a0\u00bb qui la structurent. A l\u2019aide d\u2019exemples, j\u2019illustrerai comment la mod\u00e9lisation permet d\u2019anticiper ou de rep\u00e9rer des difficult\u00e9s d\u2019\u00e9l\u00e8ves, de structurer ses propres enseignements et de fournir des \u00e9l\u00e9ments de compr\u00e9hension aux \u00e9l\u00e8ves sur la nature de notre discipline. A cette occasion, j\u2019\u00e9voquerai les liens avec les comp\u00e9tences de la d\u00e9marche scientifique.<\/p>\n<p>La <span style=\"color: #000080;\">derni\u00e8re<\/span> partie de l\u2019expos\u00e9 fera le lien entre la mod\u00e9lisation et les apprentissages vis\u00e9s sur la mesure et les incertitudes. Il s\u2019agira de dresser les contours des pr\u00e9conisations sur les incertitudes et de lever tout implicite.<\/p>\n<p style=\"text-align: center;\"><strong><span style=\"color: #ff0000;\">Atelier du mardi 7 juin 2022<\/span><\/strong><\/p>\n<p><span style=\"color: #000080;\"><strong>A01 : Physique-chimie puissance DYS, anim\u00e9 par Manuelle ZITOUNI &amp; Eric VENAILLE \u2013 Manuelle Zitouni, Professeur de Physique-Chimie au coll\u00e8ge Louis Pasteur de LA CHAPELLE SAINT MESMIN, Charg\u00e9e de mission &amp; Eric VENAILLE, Professeur de Physique-Chimie au coll\u00e8ge Montesquieu d\u2019ORLEANS, Formateur Acad\u00e9mique TSL et MOPA<\/strong><\/span><\/p>\n<div align=\"justify\">Tous les jours, nous sommes confront\u00e9s dans nos classes \u00e0 des \u00e9l\u00e8ves \u00e0 besoins particuliers dont font partie des \u00e9l\u00e8ves souffrant de dys\u2026. qu\u2019ils soient diagnostiqu\u00e9s ou non. Ces diff\u00e9rents troubles sont des freins et parfois des obstacles aux apprentissages. Dans les diff\u00e9rents plans d\u2019accompagnement (PAP, etc..), la physique-chimie est absente, pourtant les difficult\u00e9s sont bien pr\u00e9sentes\n<p>Au cours de cet atelier, nous verrons plus particuli\u00e8rement quelques troubles : la dyslexie, la dyspraxie et la dyscalculie. Pourquoi et comment am\u00e9nager nos s\u00e9ances de cours et de travaux pratiques en physique-chimie ?<\/p>\n<p>Cet atelier sera l\u2019occasion dans une premi\u00e8re partie d\u2019appr\u00e9hender bri\u00e8vement les troubles par des mises en situation puis dans une deuxi\u00e8me partie, plus r\u00e9flexive, nous aborderons les adaptations possibles, ce qui nous permettra de mutualiser les diff\u00e9rentes pratiques ou approches que nous pouvons mettre en oeuvre dans nos classes.<\/p>\n<\/div>\n<p><span style=\"color: #000080;\"><strong>A02 : La cin\u00e9tique chimique (nouveau programme de sp\u00e9cialit\u00e9 en terminale), anim\u00e9 par Catherine SAURY &amp; Didier CAUCHY \u2013 professeur en CPGE au lyc\u00e9e Descartes de TOURS<\/strong><\/span><\/p>\n<div align=\"justify\">Dans les nouveaux programmes de sp\u00e9cialit\u00e9 en terminale, la notion de vitesse volumique fait sa r\u00e9apparition avec la mise en \u00e9vidence de la loi des vitesses d\u2019ordre 1 en cin\u00e9tique chimique.\n<p>Lors de cet atelier, nous rappellerons les d\u00e9finitions des vitesses volumiques de disparition et apparition d\u2019un r\u00e9actif ou d\u2019un produit et pr\u00e9senterons sur deux exemples leur d\u00e9termination \u00e0 partir de donn\u00e9es exp\u00e9rimentales acquises par spectrophotom\u00e9trie et conductim\u00e9trie (m\u00e9thodes physiques) ou par dosage (m\u00e9thodes chimiques).<\/p>\n<p>Nous pr\u00e9senterons le principe de d\u00e9g\u00e9n\u00e9rescence de l\u2019ordre et les m\u00e9thodes int\u00e9grale et diff\u00e9rentielle pour la d\u00e9termination des ordres partiels d\u2019une r\u00e9action, en particulier pour l\u2019ordre 1 sur les exemples pr\u00e9c\u00e9dents. Le temps de demi-r\u00e9action pourra aussi \u00eatre utilis\u00e9 pour la mise en \u00e9vidence de l\u2019ordre de la r\u00e9action.<\/p>\n<p>Des exemples de manipulation seront pr\u00e9sent\u00e9es et les donn\u00e9es exp\u00e9rimentales pourront \u00eatre trait\u00e9es avec Excell, Regressi ou Python.<\/p>\n<\/div>\n<p style=\"text-align: center;\"><strong>Document de l&rsquo;atelier :\u00a0<\/strong><\/p>\n<p>Diaporama de l\u2019atelier\u00a0<a href=\"https:\/\/udppc-jpc-orleans-tours.fr\/OT\/wp-content\/uploads\/2022\/06\/cinetiqueCS-1.pdf\">Diaporama cin\u00e9tique<\/a><\/p>\n<p>Quelques \u00e9l\u00e9ments de cours\u00a0<a href=\"https:\/\/udppc-jpc-orleans-tours.fr\/OT\/wp-content\/uploads\/2022\/06\/documentscintiquemcauchy-1.zip\">Documents Atelier cin\u00e9tique<\/a><\/p>\n<p>Des programmes en python\u00a0<a href=\"https:\/\/udppc-jpc-orleans-tours.fr\/OT\/wp-content\/uploads\/2022\/06\/documentssuivicintiquemmesaury-1.zip\">Fichiers et programmes python<\/a><\/p>\n<p>\u00a0<\/p>\n<div align=\"justify\">\n<p><a href=\"https:\/\/udppc-jpc-orleans-tours.fr\/OT\/wp-content\/uploads\/2022\/06\/M%C3%A9canique-des-fluides.zip\" target=\"_blank\" rel=\"noopener noreferrer\"><span style=\"color: #000080;\"><strong>A03 : La m\u00e9canique des fluides (nouveau programme de sp\u00e9cialit\u00e9 en terminale), anim\u00e9 par Julien BOUTON \u2013 professeur au lyc\u00e9e Descartes de TOURS<\/strong><\/span><\/a><\/p>\n<div align=\"justify\">Dans les nouveaux programmes de sp\u00e9cialit\u00e9 en terminale, la m\u00e9canique des fluides doit \u00eatre maintenant trait\u00e9e.\n<p>Extrait du BO de la colonne \u00ab\u00a0Capacit\u00e9s exigibles\u00a0\u00bb :<\/p>\n<ul>\n<li>Exploiter la relation de Bernoulli, celle-ci \u00e9tant fournie, pour \u00e9tudier qualitativement puis quantitativement l\u2019\u00e9coulement d\u2019un fluide incompressible en r\u00e9gime permanent.<\/li>\n<li>Mettre en oeuvre un dispositif exp\u00e9rimental pour \u00e9tudier l\u2019\u00e9coulement permanent d\u2019un fluide et pour tester la relation de Bernoulli.<\/li>\n<\/ul>\n<p>Dans cet atelier, il va \u00eatre pr\u00e9senter la relation de Bernoulli. De son origine et de sa restriction au cas des \u00e9coulements des fluides parfaits.<br \/>Puis de son illustration au travers de diverses exp\u00e9riences qualitatives \u00e0 pr\u00e9senter en classe.<\/p>\n<p>Suivra une proposition de s\u00e9ance de travaux pratiques.<\/p>\n<p>L\u2019effet Venturi sera \u00e9galement pr\u00e9sent\u00e9 lors de cet atelier puisqu\u2019il fait aussi sont apparition dans ce nouveau programme.<\/p>\n<p><span style=\"color: #000080;\"><strong>A04 : PearlTrees, anim\u00e9 par Julian VIALA &amp; Nicolas CYNOBER \u2013 Responsable \u00e9tablissement du d\u00e9ployement de PearlTrees<\/strong><\/span><\/p>\n<div align=\"justify\">D\u00e9roul\u00e9 de l\u2019atelier :<br \/>Mise en \u009cuvre des nouveaux programmes avec Pearltrees Education, brique p\u00e9dagogique de l\u0092ENT Netocentre.\n<p>D\u00e9roul\u00e9 de l\u2019atelier :<br \/>* Construire et partager des cours de sciences engageants, accessibles et adapt\u00e9s aux besoins des \u00e9l\u00e8ves<br \/>* Int\u00e9grer les ressources partag\u00e9es par les coll\u00e8gues et les manuels granulaires Nathan, Bordas et Belin<br \/>* Mettre en place le Grand Oral<br \/>* D\u00e9velopper l\u0092autonomie et g\u00e9rer l\u0092h\u00e9t\u00e9rog\u00e9n\u00e9it\u00e9<\/p>\n<p><a href=\"https:\/\/view.genial.ly\/5ff72851bea52a0cee8b62e0\/interactive-content-jpc-2022-atelier-outils-facilitateurs-en-classe-inversee\" target=\"_blank\" rel=\"noopener noreferrer\"><span style=\"color: #000080;\"><strong>A05 : Des outils facilitateurs pour la classe invers\u00e9e, anim\u00e9 par Denis PUIROUX \u2013 professeur de physique-chimie au coll\u00e8ge Jean JOUDIOU \u00e0 CHATEAUNEUF\/Loire<\/strong><\/span><\/a><\/p>\n<div align=\"justify\">Denis Puiroux est professeurs de physique-chimie en coll\u00e8ge. Il a choisi d\u2019utiliser le dispositif p\u00e9dagogique de la classe invers\u00e9e dans ses classes.\n<p>Au travers d\u2019un retour d\u2019exp\u00e9rience, \u00e9voquant les \u00e9cueils rencontr\u00e9s comme les satisfactions, il propose de mettre en lumi\u00e8re les outils, num\u00e9riques ou non, qui lui permettent de faciliter la mise en place sa classe invers\u00e9e. Il sera \u00e9galement pr\u00e9sent\u00e9 une activit\u00e9 ludique en physique-chimie autour d\u2019un escape game.<\/p>\n<p><a href=\"https:\/\/udppc-jpc-orleans-tours.fr\/OT\/wp-content\/uploads\/2022\/06\/Pr%C3%A9parer-le-Grand-Oral-UdPPC-7-juin.pptx\" target=\"_blank\" rel=\"noopener noreferrer\"><span style=\"color: #000080;\"><strong>A06 : Le Grand oral- Des \u00e9l\u00e9ments cl\u00e9s pour la prestation orale \u2013 t\u00e9moignages concernant l\u2019op\u00e9ration \u00ab\u00a0Etonnante Chimie pour un oral percutant\u00a0\u00bb, anim\u00e9 par Christelle DEBREE \u2013 Agn\u00e8s et Julien ROUZAIRE \u2013 Marie-Pierre BELZANNE \u2013<\/strong><\/span><\/a><\/p>\n<p><a href=\"_wp_link_placeholder\"><span style=\"color: #000080;\"><strong>Christelle Debr\u00e9e, professeur de Physique-Chimie au lyc\u00e9e Pothier d\u2019ORLEANS \u2013 Agn\u00e8s et Julien Rouzaire, professeurs au lyc\u00e9e Pierre et Marie Curie de CHATEAUROUX et Marie-Pierre Belzanne, professeur au lyc\u00e9e Vaucanson de TOURS.<\/strong><\/span><\/a><\/p>\n<div align=\"justify\">Citation de Cic\u00e9ron : \u00ab L\u2019orateur doit consid\u00e9rer trois choses : ce qu\u2019il dit, dans quel ordre et de quelle fa\u00e7on il le dit \u00bb<br \/>L\u2019un des objectifs de la prise de parole en public est de persuader l\u2019auditoire. Il y a trois registres de la persuasion d\u00e9finis par Aristote et toujours fondamentaux : l\u2019Ethos, le Pathos et le Logos.<br \/>L\u2019orateur doit incarner son propos. Ainsi, la prise de parole se travaille, elle demande un chemin d\u2019apprentissage.\n<p>Quel est le secret ? L\u2019action.<\/p>\n<p>Il faut au moins une dizaine d\u2019heures pour s\u2019approprier l\u2019oral. <span style=\"color: #000080;\">Chaque<\/span> \u00e9l\u00e8ve fabrique ses propres fondations.<br \/>Ainsi, dans cet atelier nous verrons les grands principes de la rh\u00e9torique et les fondamentaux pour effectuer une prestation orale.<\/p>\n<p>Des t\u00e9moignages compl\u00e9teront cet atelier et concerneront l\u2019op\u00e9ration \u00ab Etonnante Chimie pour un oral percutant \u00bb<\/p>\n<p style=\"text-align: center;\"><strong><span style=\"color: #ff0000;\">Conf\u00e9rence du mercredi 8 juin 2022<\/span><\/strong><\/p>\n<p><span style=\"color: #000080;\"><strong>\u00a0Conf\u00e9rence C03 : Histoire des atomes, le tableau p\u00e9riodique des \u00e9l\u00e9ments<\/strong>\u00a0\u2013\u00a0<strong>J\u00e9r\u00f4me THIBONNET \u2013 enseigant chercheur \u2013 Universit\u00e9 de Tours<\/strong><\/span><\/p>\n<p>Plus de 150 ans apr\u00e8s sa cr\u00e9ation, le tableau p\u00e9riodique des \u00e9l\u00e9ments fascine toujours autant. Nous proposons de nous replonger dans l\u2019histoire des atomes jusqu\u2019\u00e0 leur classification par Dmitri Ivanovitch Mendele\u00efev.<\/p>\n<p>A travers jeux et petites exp\u00e9riences ludiques, nous montrerons l\u2019utilisation et quelques propri\u00e9t\u00e9s des atomes.<\/p>\n<p><span style=\"color: #000080;\"><strong>Conf\u00e9rence C04 : La chaine de transmission de l\u2019information (du capteur au microcontroleur)<\/strong>\u00a0\u2013\u00a0<strong>Pascal MAKRIS (Polytech Tours)\u00a0<\/strong><\/span><\/p>\n<p>L\u2019usage du capteur est devenu incontournable de nos jours. Il est partout, plus ou moins visible mais indispensable au quotidien que ce soit dans la vie au quotidien ou au sein de nos activit\u00e9s professionnelles. Sa mise en oeuvre et son exploitation n\u00e9cessitent le d\u00e9ploiement d\u2019une architecture \u00e0 base de microcontr\u00f4leurs. Nous verrons lors de cette pr\u00e9sentation qu\u2019une v\u00e9ritable organisation mat\u00e9rielle et logicielle doit \u00eatre mise en place pour r\u00e9pondre aux besoins. Nous aborderons la structure globale d\u2019une cha\u00eene d\u2019acquisition ayant pour origine le mesurande observ\u00e9 pour finir par la partie informatique, dernier maillon de celle-ci. Au-del\u00e0 de ces deux \u00e9l\u00e9ments, nous d\u00e9couvrirons l\u2019importance du r\u00f4le, justifiant ainsi la pr\u00e9sence syst\u00e9matique, des composants tels que conditionneurs, amplificateurs, filtres, multiplexeurs et convertisseurs. Les consid\u00e9rations physiques, \u00e9lectroniques et algorithmiques seront abord\u00e9es afin de clarifier cette organisation. La pr\u00e9sentation se terminera par un focus sur les capteurs dits \u00ab intelligents \u00bb et leur mise en r\u00e9seaux<\/p>\n<\/div>\n<\/div>\n<\/div>\n<\/div>\n<\/div>\n","protected":false},"excerpt":{"rendered":"<p>Conf\u00e9rence du mardi 7 juin 2022 Conf\u00e9rence C01 : RMN Liquide : Comment cette m\u00e9thode s\u2019est install\u00e9e dans l\u2019industrie et la recherche\u00a0\u2013\u00a0Cl\u00e9ment ORIONE \u2013 Ing\u00e9nieur d\u2019\u00e9tude en RMN \u00e0 l\u2019Universit\u00e9 de Rennes Cette pr\u00e9sentation aura pour but de reprendre l\u2019historique de la RMN, de son fonctionnement, mais surtout des r\u00e9cents d\u00e9veloppements qui ont permis la g\u00e9n\u00e9ralisation de son utilisation dans<\/p>\n","protected":false},"author":1,"featured_media":0,"parent":0,"menu_order":0,"comment_status":"closed","ping_status":"closed","template":"","meta":{"footnotes":""},"class_list":["post-951","page","type-page","status-publish","hentry"],"_links":{"self":[{"href":"https:\/\/udppc-jpc-orleans-tours.fr\/OT\/wp-json\/wp\/v2\/pages\/951","targetHints":{"allow":["GET"]}}],"collection":[{"href":"https:\/\/udppc-jpc-orleans-tours.fr\/OT\/wp-json\/wp\/v2\/pages"}],"about":[{"href":"https:\/\/udppc-jpc-orleans-tours.fr\/OT\/wp-json\/wp\/v2\/types\/page"}],"author":[{"embeddable":true,"href":"https:\/\/udppc-jpc-orleans-tours.fr\/OT\/wp-json\/wp\/v2\/users\/1"}],"replies":[{"embeddable":true,"href":"https:\/\/udppc-jpc-orleans-tours.fr\/OT\/wp-json\/wp\/v2\/comments?post=951"}],"version-history":[{"count":2,"href":"https:\/\/udppc-jpc-orleans-tours.fr\/OT\/wp-json\/wp\/v2\/pages\/951\/revisions"}],"predecessor-version":[{"id":977,"href":"https:\/\/udppc-jpc-orleans-tours.fr\/OT\/wp-json\/wp\/v2\/pages\/951\/revisions\/977"}],"wp:attachment":[{"href":"https:\/\/udppc-jpc-orleans-tours.fr\/OT\/wp-json\/wp\/v2\/media?parent=951"}],"curies":[{"name":"wp","href":"https:\/\/api.w.org\/{rel}","templated":true}]}}