{"id":683,"date":"2018-04-22T13:05:29","date_gmt":"2018-04-22T12:05:29","guid":{"rendered":"http:\/\/orleans-tours.udppc.asso.fr\/?page_id=683"},"modified":"2018-05-03T13:57:10","modified_gmt":"2018-05-03T12:57:10","slug":"jpc2018-bourges","status":"publish","type":"page","link":"https:\/\/udppc-jpc-orleans-tours.fr\/OT\/jpc2018-bourges\/","title":{"rendered":"JPC2018 BOURGES"},"content":{"rendered":"<p style=\"text-align: center;\"><span style=\"color: #ff0000;\"><strong>Mercredi 18 avril 2018 : INSA Centre Val de Loire \u2013 88 Boulevard Lahitolle, 18000 Bourges<\/strong><\/span><\/p>\n<p><a href=\"https:\/\/udppc-jpc-orleans-tours.fr\/OT\/wp-content\/uploads\/2018\/04\/balance.pdf\" target=\"_blank\" rel=\"noopener\"><span style=\"color: #0000ff;\"><strong>Conf\u00e9rence C01 : La balance \u00e0 peser la Terre\u00a0\u2013\u00a0Charles de IZARRA \u2013 Professeur des Universit\u00e9s \u2013 INSA Centre Val de Loire<\/strong><\/span><\/a><\/p>\n<p><span style=\"color: #0000ff;\">Conf\u00e9rence C02 : La Physico-Chimie des r\u00e9actions explosives\u00a0\u2013\u00a0Philippe GILLARD \u2013 Enseignant chercheur \u2013 Laboratoire PRISME (Bourges)<\/span><\/p>\n<p><span style=\"color: #008000;\">Visite d\u2019un laboratoire ou d\u2019une entreprise :\u00a0<\/span><\/p>\n<p><span style=\"color: #008000;\">V01 : Plateforme d\u2019essai b\u00e2timent (plateau de formation du b\u00e2timent) \u2013 8 Rue Emile Hilaire Amagat, Technop\u00f4le Lahitolle, 18000 BOURGES<\/span><\/p>\n<p><span style=\"color: #008000;\">V02 : Laboratoire PRISME \u201cExplosions et ondes de choc\u201d \u2013 INSA Centre Val de Loire \u2013 88 BD Lahitolle 18000 BOURGES<\/span><\/p>\n<p><span style=\"color: #008000;\">V03 : Laboratoire GREMI Site de l\u2019IUT de Bourges \u2013 IUT de Bourges 63 avenue De Lattre de Tassigny 18000 BOURGES<\/span><\/p>\n<p><span style=\"color: #008000;\">V04 : Laboratoire sur la pyrolyse des hydrocarbures \u2013 INSA Centre Val de Loire \u2013 88 BD Lahitolle 18000 BOURGES<\/span><\/p>\n<p><span style=\"color: #008000;\">V05 : CETIM-CERTEC \u2013 9 Boulevard Lahitolle 18000 BOURGES<\/span><\/p>\n<p><span style=\"color: #008000;\">V06 : SC. A\u00e9ro \u2013 Rue Am\u00e9d\u00e9e Boll\u00e9e, 18230 SAINT-DOULCHARD<\/span><\/p>\n<p><span style=\"color: #008000;\">V07 : FFDM PNEUMAT \u2013 78\/80 avenue de la Prospective 18000 BOURGES<\/span><\/p>\n<p style=\"text-align: center;\"><strong><span style=\"color: #ff0000;\">Jeudi 19 avril 2018 : INSA Centre Val de Loire \u2013 88 Boulevard Lahitolle, 18000 Bourges<\/span><\/strong><\/p>\n<p><span style=\"color: #0000ff;\">Conf\u00e9rence C03 : Les Polym\u00e8res intelligents : applications et d\u00e9fis \u00e0 relever\u00a0\u2013\u00a0Nicolas PENVERN \u2013 Doctorant (Laboratoire Lam\u00e9 \u2013 IUT de Bourges)<\/span><\/p>\n<p><a href=\"https:\/\/udppc-jpc-orleans-tours.fr\/OT\/wp-content\/uploads\/2018\/04\/r\u00e9vision_SI.pdf\" target=\"_blank\" rel=\"noopener\"><span style=\"color: #0000ff;\"><strong>Conf\u00e9rence C04 : La r\u00e9vision du syst\u00e8me international d\u2019unit\u00e9s\u00a0\u2013\u00a0Lucile JULIEN \u2013 professeure \u00e9m\u00e9rite \u00e0 l\u2019UPMC (Sorbonne Universit\u00e9)<\/strong><\/span><\/a><\/p>\n<p><span style=\"color: #008000;\">Ateliers p\u00e9dagogiques :\u00a0<\/span><\/p>\n<p><span style=\"color: #339966;\"><strong><a style=\"color: #339966;\" href=\"https:\/\/udppc-jpc-orleans-tours.fr\/OT\/wp-content\/uploads\/2018\/04\/PBdeFermi2018.pdf\" target=\"_blank\" rel=\"noopener\">Les probl\u00e8mes de Fermi, anim\u00e9 par Charles DE IZARRA<\/a><\/strong><\/span><\/p>\n<p><span style=\"color: #008000;\">Les sites internet \u201c<strong><a href=\"http:\/\/www.mediachimie.org\/\" target=\"_blank\" rel=\"noopener\">M\u00e9diaChimie<\/a><\/strong>\u201d et \u201c<a href=\"http:\/\/culturesciences.chimie.ens.fr\/\" target=\"_blank\" rel=\"noopener\"><strong>Culture Sciences Chimie<\/strong><\/a>\u201d, anim\u00e9 par Lydie Amann (m\u00e9diaChimie) et Claire VILAIN (Culture Science Chimie)<\/span><\/p>\n<p><a href=\"https:\/\/udppc-jpc-orleans-tours.fr\/OT\/wp-content\/uploads\/2018\/05\/La_Vision_JPC_2018.pdf\" target=\"_blank\" rel=\"noopener\"><strong><span style=\"color: #008000;\">La vision et ses diff\u00e9rents aspects, anim\u00e9 par Emmanuel DUMONS<\/span><\/strong><\/a><\/p>\n<p><strong><a href=\"http:\/\/www.centre-sciences.org\/Expositions\/Holographie\" target=\"_blank\" rel=\"noopener\"><span style=\"color: #008000;\">R\u00e9alisation d\u2019un hologramme, anim\u00e9 par Centre-Sciences<\/span><\/a><\/strong><\/p>\n<p><strong><span style=\"color: #339966;\"><a style=\"color: #008000;\" href=\"https:\/\/udppc-jpc-orleans-tours.fr\/OT\/wp-content\/uploads\/2018\/04\/ChimieetVeriteUdPPC2018archive.zip\" target=\"_blank\" rel=\"noopener\">Chimie et v\u00e9rit\u00e9, anim\u00e9 par Laurent GAUTHIER<\/a><\/span><\/strong><\/p>\n","protected":false},"excerpt":{"rendered":"<p>Mercredi 18 avril 2018 : INSA Centre Val de Loire \u2013 88 Boulevard Lahitolle, 18000 Bourges Conf\u00e9rence C01 : La balance \u00e0 peser la Terre\u00a0\u2013\u00a0Charles de IZARRA \u2013 Professeur des Universit\u00e9s \u2013 INSA Centre Val de Loire Conf\u00e9rence C02 : La Physico-Chimie des r\u00e9actions explosives\u00a0\u2013\u00a0Philippe GILLARD \u2013 Enseignant chercheur \u2013 Laboratoire PRISME (Bourges) Visite d\u2019un laboratoire ou d\u2019une entreprise :\u00a0<\/p>\n","protected":false},"author":1,"featured_media":0,"parent":0,"menu_order":0,"comment_status":"closed","ping_status":"closed","template":"","meta":{"footnotes":""},"class_list":["post-683","page","type-page","status-publish","hentry"],"_links":{"self":[{"href":"https:\/\/udppc-jpc-orleans-tours.fr\/OT\/wp-json\/wp\/v2\/pages\/683","targetHints":{"allow":["GET"]}}],"collection":[{"href":"https:\/\/udppc-jpc-orleans-tours.fr\/OT\/wp-json\/wp\/v2\/pages"}],"about":[{"href":"https:\/\/udppc-jpc-orleans-tours.fr\/OT\/wp-json\/wp\/v2\/types\/page"}],"author":[{"embeddable":true,"href":"https:\/\/udppc-jpc-orleans-tours.fr\/OT\/wp-json\/wp\/v2\/users\/1"}],"replies":[{"embeddable":true,"href":"https:\/\/udppc-jpc-orleans-tours.fr\/OT\/wp-json\/wp\/v2\/comments?post=683"}],"version-history":[{"count":14,"href":"https:\/\/udppc-jpc-orleans-tours.fr\/OT\/wp-json\/wp\/v2\/pages\/683\/revisions"}],"predecessor-version":[{"id":706,"href":"https:\/\/udppc-jpc-orleans-tours.fr\/OT\/wp-json\/wp\/v2\/pages\/683\/revisions\/706"}],"wp:attachment":[{"href":"https:\/\/udppc-jpc-orleans-tours.fr\/OT\/wp-json\/wp\/v2\/media?parent=683"}],"curies":[{"name":"wp","href":"https:\/\/api.w.org\/{rel}","templated":true}]}}