{"id":613,"date":"2017-03-30T13:09:32","date_gmt":"2017-03-30T12:09:32","guid":{"rendered":"http:\/\/orleans-tours.udppc.asso.fr\/?page_id=613"},"modified":"2017-05-09T22:35:44","modified_gmt":"2017-05-09T21:35:44","slug":"jpc2017","status":"publish","type":"page","link":"https:\/\/udppc-jpc-orleans-tours.fr\/OT\/jpc2017\/","title":{"rendered":"JPC2017"},"content":{"rendered":"<p style=\"text-align: center;\"><span style=\"color: #ff0000;\"><strong>Mercredi 5 avril 2017 : Lyc\u00e9e Marceau \u2013 2 Rue Pierre Mend\u00e8s France, 28000 Chartres<\/strong><\/span><\/p>\n<p><strong>Conf\u00e9rence C01 : <span style=\"color: #008000;\">D\u00e9veloppement de proc\u00e9d\u00e9s d\u2019\u00e9co-extraction de mol\u00e9cules v\u00e9g\u00e9tales d\u2019int\u00e9r\u00eat cosm\u00e9tique.<\/span><\/strong><span style=\"color: #008000;\"> \u2013 <strong>Christophe HANO \u2013 Maitre de conf\u00e9rences au laboratoire LBLGC \u2013 p\u00f4le universitaire de Chartres<\/strong><\/span><\/p>\n<p><a href=\"https:\/\/udppc-jpc-orleans-tours.fr\/OT\/wp-content\/uploads\/2017\/05\/2017_04_05_Conf_Rosetta_UdPCC_Finale.pptx\" target=\"_blank\" rel=\"noopener noreferrer\"><strong>Conf\u00e9rence C02 : <span style=\"color: #008000;\">La fantastique \u00e9pop\u00e9e de Rosetta et Philae autour, et \u00e0 sa surface, de la Com\u00e8te Churuymov-Gerasimenko<\/span><\/strong><span style=\"color: #008000;\"> \u2013 <strong>Jean-Pierre LEBRETON et Christelle BRIOIS \u2013 Enseignants-Chercheurs au laboratoire LPC2E, UMR 7328 CNRS-Universit\u00e9 d\u2019Orl\u00e9ans.<\/strong><\/span><\/a><\/p>\n<p><strong><span style=\"color: #008000;\">Pr\u00e9sentation de la fili\u00e8re pharmaceutique &#8211;\u00a0Emilie RENAUD \u2013 Chef de projets performance industrielle chez POLEPHARMA<\/span><\/strong><\/p>\n<p style=\"text-align: center;\"><strong>Visites d\u2019entreprise ou laboratoire.<br \/>\n<\/strong><\/p>\n<ul>\n<li>VE1 \u2013 NOVO NORDISK \u2013\u00a0Chartres<\/li>\n<li>VE2 \u2013\u00a0LEO PHARMA &#8211; Vernouillet<\/li>\n<li>VE3 \u2013\u00a0FRAGRANCE PRODUCTION (Coty) \u2013 Chartres<\/li>\n<li>VE4 \u2013\u00a0NOVANDIE (ANDROS) &#8211; Auneau<\/li>\n<li>VL2 \u2013\u00a0IUT de Chartres<\/li>\n<li>VL3 \u2013 CERIB &#8211; Epernon<\/li>\n<\/ul>\n","protected":false},"excerpt":{"rendered":"<p>Mercredi 5 avril 2017 : Lyc\u00e9e Marceau \u2013 2 Rue Pierre Mend\u00e8s France, 28000 Chartres Conf\u00e9rence C01 : D\u00e9veloppement de proc\u00e9d\u00e9s d\u2019\u00e9co-extraction de mol\u00e9cules v\u00e9g\u00e9tales d\u2019int\u00e9r\u00eat cosm\u00e9tique. \u2013 Christophe HANO \u2013 Maitre de conf\u00e9rences au laboratoire LBLGC \u2013 p\u00f4le universitaire de Chartres Conf\u00e9rence C02 : La fantastique \u00e9pop\u00e9e de Rosetta et Philae autour, et \u00e0 sa surface, de la Com\u00e8te<\/p>\n","protected":false},"author":1,"featured_media":0,"parent":0,"menu_order":0,"comment_status":"closed","ping_status":"closed","template":"","meta":{"footnotes":""},"class_list":["post-613","page","type-page","status-publish","hentry"],"_links":{"self":[{"href":"https:\/\/udppc-jpc-orleans-tours.fr\/OT\/wp-json\/wp\/v2\/pages\/613","targetHints":{"allow":["GET"]}}],"collection":[{"href":"https:\/\/udppc-jpc-orleans-tours.fr\/OT\/wp-json\/wp\/v2\/pages"}],"about":[{"href":"https:\/\/udppc-jpc-orleans-tours.fr\/OT\/wp-json\/wp\/v2\/types\/page"}],"author":[{"embeddable":true,"href":"https:\/\/udppc-jpc-orleans-tours.fr\/OT\/wp-json\/wp\/v2\/users\/1"}],"replies":[{"embeddable":true,"href":"https:\/\/udppc-jpc-orleans-tours.fr\/OT\/wp-json\/wp\/v2\/comments?post=613"}],"version-history":[{"count":2,"href":"https:\/\/udppc-jpc-orleans-tours.fr\/OT\/wp-json\/wp\/v2\/pages\/613\/revisions"}],"predecessor-version":[{"id":619,"href":"https:\/\/udppc-jpc-orleans-tours.fr\/OT\/wp-json\/wp\/v2\/pages\/613\/revisions\/619"}],"wp:attachment":[{"href":"https:\/\/udppc-jpc-orleans-tours.fr\/OT\/wp-json\/wp\/v2\/media?parent=613"}],"curies":[{"name":"wp","href":"https:\/\/api.w.org\/{rel}","templated":true}]}}