{"id":551,"date":"2016-10-02T10:42:55","date_gmt":"2016-10-02T09:42:55","guid":{"rendered":"http:\/\/orleans-tours.udppc.asso.fr\/?page_id=551"},"modified":"2016-11-30T18:09:55","modified_gmt":"2016-11-30T17:09:55","slug":"assises-2016-orleans","status":"publish","type":"page","link":"https:\/\/udppc-jpc-orleans-tours.fr\/OT\/assises-2016-orleans\/","title":{"rendered":"Assises 2016 Orl\u00e9ans"},"content":{"rendered":"<p style=\"text-align: center;\"><strong>JEUDI 10 novembre 2016 &#8211; Polytech &#8211; 8 rue l\u00e9onard de Vinci &#8211; Polytech 45000 Orl\u00e9ans<\/strong><\/p>\n<p><span style=\"color: #0000ff;\"><strong>Conf\u00e9rence C01 \u2013 Nanosciences et nanotechnologies \u2013 Christophe PAULHAC \u2013 Professeur en CPGE, Lyc\u00e9e Robert Doisneau \u2013 Corbeil Essonnes<\/strong><\/span><\/p>\n<p><a href=\"https:\/\/udppc-jpc-orleans-tours.fr\/OT\/wp-content\/uploads\/assises2016\/ondes-gravitationnelles.zip\" target=\"_blank\"><span style=\"color: #339966;\"><span style=\"color: #ff0000;\"><strong>Conf\u00e9rence C02 \u2013 \u00c0 l\u2019\u00e9coute des ondes gravitationnelles<\/strong> \u2013 <\/span><strong><span style=\"color: #ff0000;\">Lo\u00efc VILLAIN \u2013 Ma\u00eetre de conf\u00e9rence \u2013 Laboratoire de Math\u00e9matiques et de Physique Th\u00e9orique \u2013 Universit\u00e9 de Tours<\/span> <\/strong><\/span><\/a><\/p>\n<p><a href=\"https:\/\/udppc-jpc-orleans-tours.fr\/OT\/wp-content\/uploads\/assises2016\/classification.zip\" target=\"_blank\"><span style=\"color: #ff0000;\"><strong>A01 et A11 : La symphonie des \u00e9l\u00e9ments chimiques, histoire et signification du tableau p\u00e9riodique \u2013 anim\u00e9 par Dominique LECORGNE \u2013 Professeur de chimie en CPGE au lyc\u00e9e Jean Dautet de La Rochelle.<\/strong><\/span><\/a><\/p>\n<p><span style=\"color: #0000ff;\"><strong>A02 et A12 : Au signal \u2026action ! \u2013 anim\u00e9 par Christophe BEAUBRAS \u2013 Professeur de physique-chimie, formateur \u00e0 l\u2019ESPE et \u00e0 la Maison pour la science.<\/strong><\/span><\/p>\n<p><span style=\"color: #ff0000;\"><a style=\"color: #ff0000;\" href=\"https:\/\/udppc-jpc-orleans-tours.fr\/OT\/wp-content\/uploads\/2016\/11\/systeme-m\u00e9trique.pdf\" target=\"_blank\"><strong>A03\u00a0 et A13 : \u00ab\u00a0La mesure du monde\u00a0\u00bb ou l\u2019aventure du syst\u00e8me m\u00e9trique \u2013 anim\u00e9 par Arkan SIMAAN \u2013 Professeur de Sciences-physiques en retraite<\/strong>.<\/a><\/span><\/p>\n<p><span style=\"color: #0000ff;\"><strong>A04 : Les industriels dans la r\u00e9gion, quelles activit\u00e9s, quels m\u00e9tiers, quelles formations ? \u2013 anim\u00e9 par Myriam ROUET-MEUNIER \u2013 Secr\u00e9taire g\u00e9n\u00e9rale de l\u2019Union de l\u2019industrie chimique de la r\u00e9gion Centre Val de Loire<\/strong><\/span><\/p>\n<p><span style=\"color: #0000ff;\"><strong>A05 : Nanosciences et nanotechnologies \u2013 anim\u00e9 par Christophe PAULHAC \u2013 Professeur en CPGE, Lyc\u00e9e Robert Doisneau \u2013 Corbeil Essonnes <\/strong><\/span><\/p>\n<p><span style=\"color: #0000ff;\"><strong>A06 : La formulation : de l\u2019art ou du simple m\u00e9lange \u2013 anim\u00e9 par Eric BOUCHET \u2013 Directeur CECA-Usine de Ch\u00e2teauroux (36) <\/strong><\/span><\/p>\n<p><span style=\"color: #ff0000;\"><a style=\"color: #ff0000;\" href=\"https:\/\/udppc-jpc-orleans-tours.fr\/OT\/wp-content\/uploads\/2016\/11\/DOC-EQUASCIENCE.zip\" target=\"_blank\"><strong>A07 et A17 : Des exp\u00e9riences sur mesure pour les nouveaux programmes du coll\u00e8ge \u2013 anim\u00e9 par Emmanuel DURAND \u2013 Soci\u00e9t\u00e9 EQUASCIENCE<\/strong><\/a><\/span><\/p>\n<p><span style=\"color: #0000ff;\"><strong>A08 et A18 : Exploiter tablettes et Smartphones en physique, exp\u00e9riences sans fil \u2013 anim\u00e9 par Ga\u00ebl FERNET \u2013 Soci\u00e9t\u00e9 SORDALAB<\/strong><\/span><\/p>\n<p><span style=\"color: #ff0000;\"><a style=\"color: #ff0000;\" href=\"https:\/\/udppc-jpc-orleans-tours.fr\/OT\/wp-content\/uploads\/2016\/11\/Outils-mathematiques-utilises-en-physique-au-lycee.pdf\" target=\"_blank\"><strong>A14 : Les outils math\u00e9matiques en sciences physiques au lyc\u00e9e \u2013 anim\u00e9 par Alain Le RILLE \u2013 Professeur en CPGE au lyc\u00e9e Janson de Sailly \u2013 PARIS<\/strong><\/a><\/span><\/p>\n<p><span style=\"color: #0000ff;\"><strong>A15 : L\u2019environnement HSE de la production industrielle chimique \u2013 anim\u00e9 par Myriam ROUET-MEUNIER \u2013 Secr\u00e9taire g\u00e9n\u00e9rale de l\u2019Union de l\u2019industrie chimique de la r\u00e9gion Centre Val de Loire<\/strong><\/span><\/p>\n<p><span style=\"color: #0000ff;\"><strong>A16 : La formulation : de l\u2019art ou du simple m\u00e9lange \u2013 anim\u00e9 par Claire GAUTHIER \u2013 Ing\u00e9nieur d\u00e9veloppement chez Orrion Chemicals Orgaform (OCO) \u00e0 Semoy (45)<\/strong><\/span><\/p>\n<p><span style=\"color: #0000ff;\"><strong>A17 : Les astroparticules \u2013 anim\u00e9 par Christian MARIAUD \u2013 Professeur au Lyc\u00e9e Descartes de Tours<\/strong><\/span><\/p>\n","protected":false},"excerpt":{"rendered":"<p>JEUDI 10 novembre 2016 &#8211; Polytech &#8211; 8 rue l\u00e9onard de Vinci &#8211; Polytech 45000 Orl\u00e9ans Conf\u00e9rence C01 \u2013 Nanosciences et nanotechnologies \u2013 Christophe PAULHAC \u2013 Professeur en CPGE, Lyc\u00e9e Robert Doisneau \u2013 Corbeil Essonnes Conf\u00e9rence C02 \u2013 \u00c0 l\u2019\u00e9coute des ondes gravitationnelles \u2013 Lo\u00efc VILLAIN \u2013 Ma\u00eetre de conf\u00e9rence \u2013 Laboratoire de Math\u00e9matiques et de Physique Th\u00e9orique \u2013 Universit\u00e9<\/p>\n","protected":false},"author":1,"featured_media":0,"parent":0,"menu_order":0,"comment_status":"closed","ping_status":"closed","template":"","meta":{"footnotes":""},"class_list":["post-551","page","type-page","status-publish","hentry"],"_links":{"self":[{"href":"https:\/\/udppc-jpc-orleans-tours.fr\/OT\/wp-json\/wp\/v2\/pages\/551","targetHints":{"allow":["GET"]}}],"collection":[{"href":"https:\/\/udppc-jpc-orleans-tours.fr\/OT\/wp-json\/wp\/v2\/pages"}],"about":[{"href":"https:\/\/udppc-jpc-orleans-tours.fr\/OT\/wp-json\/wp\/v2\/types\/page"}],"author":[{"embeddable":true,"href":"https:\/\/udppc-jpc-orleans-tours.fr\/OT\/wp-json\/wp\/v2\/users\/1"}],"replies":[{"embeddable":true,"href":"https:\/\/udppc-jpc-orleans-tours.fr\/OT\/wp-json\/wp\/v2\/comments?post=551"}],"version-history":[{"count":15,"href":"https:\/\/udppc-jpc-orleans-tours.fr\/OT\/wp-json\/wp\/v2\/pages\/551\/revisions"}],"predecessor-version":[{"id":581,"href":"https:\/\/udppc-jpc-orleans-tours.fr\/OT\/wp-json\/wp\/v2\/pages\/551\/revisions\/581"}],"wp:attachment":[{"href":"https:\/\/udppc-jpc-orleans-tours.fr\/OT\/wp-json\/wp\/v2\/media?parent=551"}],"curies":[{"name":"wp","href":"https:\/\/api.w.org\/{rel}","templated":true}]}}