{"id":40,"date":"2014-10-25T09:54:18","date_gmt":"2014-10-25T08:54:18","guid":{"rendered":"http:\/\/orleans-tours.udppc.asso.fr\/OT\/?page_id=40"},"modified":"2014-12-12T15:53:22","modified_gmt":"2014-12-12T14:53:22","slug":"jpc2011","status":"publish","type":"page","link":"https:\/\/udppc-jpc-orleans-tours.fr\/OT\/jpc2011\/","title":{"rendered":"JPC2011 ORLEANS"},"content":{"rendered":"<p><span style=\"color: #ff0000;\"><strong>Mardi 12 avril 2011<\/strong> <\/span>:<strong><span style=\"color: #0000ff;\"> Universit\u00e9 d&rsquo;Orl\u00e9ans<\/span><\/strong><\/p>\n<p><span style=\"color: #008000;\"><strong>Conf\u00e9rence n\u00b01 : <span style=\"color: #ff0000;\"><a style=\"color: #ff0000;\" title=\"Conf\u00e9rence n\u00b01-JPC2011\" href=\"https:\/\/udppc-jpc-orleans-tours.fr\/OT\/wp-content\/uploads\/jpc2011\/gout.pdf\" target=\"_blank\">\u00ab\u00a0Chimie du go\u00fbt et chimie fondamentale\u00a0\u00bb par Arnaud TATIBOU\u00cbT, <em>ICOA Universit\u00e9 d\u2019Orl\u00e9ans<\/em><\/a><\/span><\/strong><\/span><\/p>\n<p><span style=\"color: #008000;\"><strong>Conf\u00e9re<span style=\"color: #008000;\">nce n\u00b02 : <\/span><\/strong><span style=\"color: #ff0000;\"><a style=\"color: #ff0000;\" title=\"Conf\u00e9rence n\u00b02-JPC2011\" href=\"https:\/\/udppc-jpc-orleans-tours.fr\/OT\/wp-content\/uploads\/jpc2011\/explosifs.pdfhttp:\/\/\" target=\"_blank\"><strong>\u00ab\u00a0Chimie des explosifs\u00a0: pass\u00e9, pr\u00e9sent, futur\u2026 et conditionnel\u00a0\u00bb par Eric PASQUINET, <em>CEA Le Ripaud<\/em><\/strong><\/a><\/span><\/span><\/p>\n<p><span style=\"color: #800080;\"><strong>Visite d&rsquo;entreprise :\u00a0<\/strong><\/span><\/p>\n<ul style=\"list-style-type: disc;\">\n<li><span style=\"color: #800080;\"><strong>Shiseido <\/strong><em>(Parfums)<\/em><\/span><\/li>\n<li><span style=\"color: #800080;\"><strong>Parfums Christian Dior <\/strong><em>(Parfums)<\/em><strong>\u00a0<\/strong><\/span><\/li>\n<li><span style=\"color: #800080;\"><strong>Laiteries de St Denis de l\u2019H\u00f4tel <\/strong><em>(Agroalimentaire)<\/em><\/span><\/li>\n<\/ul>\n<p><span style=\"color: #800080;\"><strong>V<span style=\"color: #800080;\">isite de laboratoires :<\/span><\/strong><\/span><\/p>\n<ul style=\"list-style-type: disc;\">\n<li><span style=\"color: #800080;\"><strong>\u00ab\u00a0ICOA\u00a0\u00bb<\/strong> <em>(Institut de Chimie Organique et Analytique)<\/em><\/span><\/li>\n<li><span style=\"color: #800080;\"><strong>\u00ab\u00a0CRMD\u00a0\u00bb <\/strong><em>(Centre de Recherche sur la Mati\u00e8re Divis\u00e9e)<\/em>\u00a0<\/span><\/li>\n<li><span style=\"color: #ff0000;\"><a style=\"color: #ff0000;\" title=\"Lig'Air\" href=\"https:\/\/udppc-jpc-orleans-tours.fr\/OT\/wp-content\/uploads\/jpc2011\/ligAir.pps\" target=\"_blank\"><strong>\u00ab\u00a0Lig\u2019Air\u00a0\u00a0\u00bb <\/strong><em>(Association agr\u00e9\u00e9e pour la surveillance de la qualit\u00e9 de l\u2019air, f\u00e9d\u00e9ration ATMO)<\/em><strong>\u00a0<\/strong><\/a><\/span><\/li>\n<li><span style=\"color: #800080;\"><strong>\u00ab\u00a0ICARE\u00a0\u00a0\u00bb <\/strong><em>(CNRS, Institut de Combustion A\u00e9rothermique R\u00e9activit\u00e9 et Environnement)<\/em><\/span><em><span style=\"color: #800080;\">\u00a0\u00a0\u00a0\u00a0\u00a0\u00a0<\/span> <\/em><\/li>\n<\/ul>\n<p><strong><span style=\"color: #008000;\">Conf\u00e9rence n\u00b03 :\u00a0 <span style=\"color: #ff0000;\"><a style=\"color: #ff0000;\" title=\"Conf\u00e9rence n\u00b03-JPC2011\" href=\"https:\/\/udppc-jpc-orleans-tours.fr\/OT\/wp-content\/uploads\/jpc2011\/chimie_du_vin.pdf\" target=\"_blank\">\u00ab\u00a0Vigne, vin et chimie\u00a0\u00bb par Pascal BOUYSSOU, <em>IUT d\u2019Orl\u00e9ans D\u00e9partement de Chimie, ICOA<\/em><\/a><\/span><\/span><\/strong><\/p>\n<p><strong><span style=\"color: #008000;\">Conf\u00e9rence n\u00b04 (au Mus\u00e9um) : \u00ab\u00a0De la radiographie RX \u00e0 l\u2019IRM\u00a0: les techniques d\u2019imagerie explorent le vivant\u00a0\u00bb par Jean-Claude BELOEIL, <em>Directeur du CBM d\u2019Orl\u00e9ans<\/em><\/span><\/strong><\/p>\n<p>&nbsp;<\/p>\n<p><strong><span style=\"color: #ff0000;\">Mercredi 13 avril 2011<\/span> <\/strong>:<strong><span style=\"color: #0000ff;\"> Universit\u00e9 d&rsquo;Orl\u00e9ans<br \/>\n<\/span><\/strong><\/p>\n<p><strong><span style=\"color: #008000;\">Conf\u00e9rence n\u00b05 :<span style=\"color: #ff0000;\"><a style=\"color: #ff0000;\" title=\"Conf\u00e9rence n\u00b05 - JPC2011\" href=\"https:\/\/udppc-jpc-orleans-tours.fr\/OT\/wp-content\/uploads\/jpc2011\/supercondensateurs.pdf\" target=\"_blank\"> \u00ab\u00a0Les Sup\u00earcondensateurs\u00a0\u00bb par Encarnacion RAYMUNDO-PINERO, <em>CRMD, CNRS Orl\u00e9ans (m\u00e9daille de bronze du CNRS 2010)<\/em><\/a><\/span><\/span><\/strong><\/p>\n<p><strong><span style=\"color: #008000;\">Conf\u00e9rence n\u00b06 : <span style=\"color: #ff0000;\"><a style=\"color: #ff0000;\" title=\"Conf\u00e9rence n\u00b06 - JPC2011\" href=\"https:\/\/udppc-jpc-orleans-tours.fr\/OT\/wp-content\/uploads\/jpc2011\/chimie_verte.pdf\" target=\"_blank\">\u00ab <em>Chimie verte Isabelle GILLAIZEAU\u00bb \u2013 Universit\u00e9 d\u2019Orl\u00e9ans<\/em><\/a><\/span><\/span><\/strong><\/p>\n<p><strong><span style=\"color: #800080;\">Ateliers p\u00e9dagogiques :<\/span><\/strong><\/p>\n<ul style=\"list-style-type: disc;\">\n<li><span style=\"color: #800080;\"><strong>\u00ab\u00a0Liaison Coll\u00e8ge Lyc\u00e9e (activit\u00e9s, \u00e9valuations par competences)\u00a0\u00bb a<\/strong>nim\u00e9 par<strong> M\u00e9lanie PERRIN<\/strong> et <strong>Murielle SABATIER<\/strong><\/span><\/li>\n<li><span style=\"color: #800080;\">\u00a0<strong>\u00ab Petites manips pour coll\u00e8ge et jeunes coll\u00e8gues \u00bb a<\/strong>nim\u00e9 par <strong>Nicole BONNEFOY <\/strong>et<strong> Marion SAVE<\/strong><\/span><\/li>\n<li><span style=\"color: #800080;\"><strong>\u00ab Sciences \u00e0 l\u2019\u00e9cole\u00a0\u00bb a<\/strong>nim\u00e9 par <strong>Alain ROBERT<\/strong><\/span><\/li>\n<li><span style=\"color: #800080;\">\u00a0<strong>\u00ab Chimie pratique (pour les coll\u00e8gues de physique appliqu\u00e9e)\u00a0\u00bb <\/strong>anim\u00e9 par <strong>Fran\u00e7ois PAROT<\/strong><\/span><\/li>\n<li><span style=\"color: #800080;\">\u00a0<strong>\u00ab Atelier 1<sup>\u00e8re<\/sup> STI2D 1STL\u00bb <\/strong>anim\u00e9 par <strong>Christiane SELLIER<\/strong><\/span><\/li>\n<li><span style=\"color: #800080;\">\u00a0<strong>\u00ab Olympiades de Chimie, des inspirations pour les s\u00e9ances exp\u00e9rimentales en chimie \u00bb <\/strong>anim\u00e9 par <strong>Patrick COUTHERUT<\/strong><\/span><\/li>\n<li><span style=\"color: #800080;\">\u00a0<strong>\u00ab Echanges de pratiques enseignements de 2<sup>nde<\/sup>, SL\u00a0\u00bb\u00a0 a<\/strong>nim\u00e9 par <strong>Tony BOIVIN <\/strong>et<strong> Arnaud SOULAS<\/strong><\/span><\/li>\n<li><span style=\"color: #800080;\">\u00a0<strong>\u00ab Echanges de pratiques enseignements de 2<sup>nde<\/sup>, MPS \u00bb <\/strong>anim\u00e9 par <strong>Jos\u00e9 ABLANCOURT<\/strong><\/span><\/li>\n<li><span style=\"color: #800080;\">\u00a0<strong>\u00ab Echanges avec une coll\u00e8gue enseignant les sciences physiques en anglais\u00a0: comment passer la certification, quels types d\u2019activit\u00e9 en classe, pour quel public\u00a0?\u00a0\u00bb <\/strong>anim\u00e9 par <strong>S\u00e9verine LEGET<\/strong><\/span><\/li>\n<li><span style=\"color: #800080;\">\u00a0<strong>\u00ab Vers plus de mise en autonomie des \u00e9l\u00e8ves au coll\u00e8ge \u00bb <\/strong>anim\u00e9 par <strong>Karine GAFFET<\/strong> et <strong>Nicolas HERBERT<\/strong><\/span><\/li>\n<\/ul>\n","protected":false},"excerpt":{"rendered":"<p>Mardi 12 avril 2011 : Universit\u00e9 d&rsquo;Orl\u00e9ans Conf\u00e9rence n\u00b01 : \u00ab\u00a0Chimie du go\u00fbt et chimie fondamentale\u00a0\u00bb par Arnaud TATIBOU\u00cbT, ICOA Universit\u00e9 d\u2019Orl\u00e9ans Conf\u00e9rence n\u00b02 : \u00ab\u00a0Chimie des explosifs\u00a0: pass\u00e9, pr\u00e9sent, futur\u2026 et conditionnel\u00a0\u00bb par Eric PASQUINET, CEA Le Ripaud Visite d&rsquo;entreprise :\u00a0 Shiseido (Parfums) Parfums Christian Dior (Parfums)\u00a0 Laiteries de St Denis de l\u2019H\u00f4tel (Agroalimentaire) Visite de laboratoires : \u00ab\u00a0ICOA\u00a0\u00bb<\/p>\n","protected":false},"author":1,"featured_media":0,"parent":0,"menu_order":0,"comment_status":"closed","ping_status":"open","template":"","meta":{"footnotes":""},"class_list":["post-40","page","type-page","status-publish","hentry"],"_links":{"self":[{"href":"https:\/\/udppc-jpc-orleans-tours.fr\/OT\/wp-json\/wp\/v2\/pages\/40","targetHints":{"allow":["GET"]}}],"collection":[{"href":"https:\/\/udppc-jpc-orleans-tours.fr\/OT\/wp-json\/wp\/v2\/pages"}],"about":[{"href":"https:\/\/udppc-jpc-orleans-tours.fr\/OT\/wp-json\/wp\/v2\/types\/page"}],"author":[{"embeddable":true,"href":"https:\/\/udppc-jpc-orleans-tours.fr\/OT\/wp-json\/wp\/v2\/users\/1"}],"replies":[{"embeddable":true,"href":"https:\/\/udppc-jpc-orleans-tours.fr\/OT\/wp-json\/wp\/v2\/comments?post=40"}],"version-history":[{"count":9,"href":"https:\/\/udppc-jpc-orleans-tours.fr\/OT\/wp-json\/wp\/v2\/pages\/40\/revisions"}],"predecessor-version":[{"id":236,"href":"https:\/\/udppc-jpc-orleans-tours.fr\/OT\/wp-json\/wp\/v2\/pages\/40\/revisions\/236"}],"wp:attachment":[{"href":"https:\/\/udppc-jpc-orleans-tours.fr\/OT\/wp-json\/wp\/v2\/media?parent=40"}],"curies":[{"name":"wp","href":"https:\/\/api.w.org\/{rel}","templated":true}]}}