{"id":38,"date":"2014-10-25T09:51:37","date_gmt":"2014-10-25T08:51:37","guid":{"rendered":"http:\/\/orleans-tours.udppc.asso.fr\/OT\/?page_id=38"},"modified":"2016-01-18T21:27:43","modified_gmt":"2016-01-18T20:27:43","slug":"jpc2012","status":"publish","type":"page","link":"https:\/\/udppc-jpc-orleans-tours.fr\/OT\/jpc2012\/","title":{"rendered":"JPC2012 TOURS"},"content":{"rendered":"<p><span style=\"color: #ff0000;\"><strong>Mardi 10 avril 2012<\/strong> :<strong> Universit\u00e9 Fran\u00e7ois Rabelais de Tours<\/strong><\/span><\/p>\n<p><span style=\"color: #008000;\"><strong>Conf\u00e9rence n\u00b01 : <span style=\"color: #ff0000;\"><a style=\"color: #ff0000;\" title=\"Conf\u00e9rence n\u00b01\" href=\"https:\/\/udppc-jpc-orleans-tours.fr\/OT\/wp-content\/uploads\/jpc2012\/quantique.pdf\" target=\"_blank\">\u00ab\u00a0Au-del\u00e0 des r\u00e9volutions quantique et relativiste ?\u00a0\u00bb\u00a0 Par Lo\u00efc VILLAIN, L.M.P.T. de Tours<\/a><\/span><\/strong><\/span><\/p>\n<p><span style=\"color: #008000;\"><strong>Conf\u00e9rence n\u00b02 : <a href=\"http:\/\/vimeo.com\/41007022\" target=\"_blank\">\u00ab L&rsquo;\u00e9l\u00e9gante efficacit\u00e9 des sym\u00e9tries en physique et ailleurs\u00bb par Amaury MOUCHET, L.M.P.T de <em>Tours<\/em><\/a><\/strong><\/span><\/p>\n<p><span style=\"color: #800080;\"><strong>Visite d&rsquo;entreprise :\u00a0<\/strong><\/span><\/p>\n<ul style=\"list-style-type: disc;\">\n<li><span style=\"color: #800080;\"><strong>\u00ab\u00a0ST Microelectronics\u00a0\u00bb<\/strong><em> D\u00e9p\u00f4ts par ablation laser, salle blanche <\/em><\/span><\/li>\n<li><span style=\"color: #800080;\"><strong>\u00ab\u00a0entreprise INDENA<\/strong> <strong>\u00bb<\/strong> <em>extraction de feuilles de\u00a0ginkgo\u00a0biloba,\u00a0p\u00e9pins\u00a0de raisins et olives.<\/em><\/span><\/li>\n<\/ul>\n<p><span style=\"color: #800080;\"><strong>V<span style=\"color: #800080;\">isite de laboratoires :<\/span><\/strong><\/span><\/p>\n<ul style=\"list-style-type: disc;\">\n<li><span style=\"color: #800080;\"><strong>\u00ab\u00a0CEA \u00a0\u00bb<\/strong> <em>Caract\u00e9risation et mod\u00e9lisation des propri\u00e9t\u00e9s thermiques de milieux h\u00e9t\u00e9rog\u00e8nes<\/em><\/span><\/li>\n<li><span style=\"color: #800080;\"><strong>\u00ab\u00a0LMPT\u00a0\u00bb <\/strong><em>Laboratoire de math\u00e9matiques et de physique th\u00e9orique<\/em><\/span><\/li>\n<li><span style=\"color: #800080;\"><strong>\u00ab\u00a0CERRP radiopharmaceutiques\u00bb<\/strong><em> salles de production : chimie, fabrication clinique, labo de contr\u00f4le qualit\u00e9.<\/em><\/span><\/li>\n<li><span style=\"color: #800080;\"><strong>\u00ab\u00a0 PCM2E\u00a0\u00bb et \u00ab\u00a0RICM &#8211; ISP (UMR INRA-Univ)\u00a0\u00bb<\/strong><em> Physico Chimie des Mat\u00e9riaux et des Electrolytes pour l&rsquo;Energie (chimie physique).Recherche et Innovation en Chimie M\u00e9dicinale du laboratoire ISP Infectiologie Sant\u00e9 Public.<\/em><\/span><\/li>\n<li><span style=\"color: #800080;\"><strong>\u00ab\u00a0GREMAN1\u00a0\u00bb <\/strong><em>Mat\u00e9riaux supraconducteurs (exp\u00e9rience l\u00e9vitation d&rsquo;une \u00a0\u00a0\u00a0\u00a0\u00a0c\u00e9ramique). Transport dans les mat\u00e9riaux supraconducteurs. Simulations num\u00e9riques de mat\u00e9riaux <\/em><\/span><\/li>\n<li><span style=\"color: #800080;\"><strong>\u00ab\u00a0GREMAN2\u00bb <\/strong><em>Microscopie en champ proche. Microscopie par effet Kerr . Structure des mat\u00e9riaux (synth\u00e8se et diffraction X).\u00a0\u00a0\u00a0<\/em><\/span><\/li>\n<li><span style=\"color: #800080;\"><strong>\u00ab\u00a0GREMAN3\u00a0\u00bb <\/strong><em>Propri\u00e9t\u00e9s \u00e9lectroniques des mat\u00e9riaux. Spectroscopie optique de nouveaux mat\u00e9riaux.<\/em><\/span><br \/>\n<span style=\"color: #ff0000;\"><em>\u00a0\u00a0\u00a0\u00a0\u00a0\u00a0 <\/em><\/span><\/li>\n<\/ul>\n<p><span style=\"color: #ff0000;\"><strong>Mercredi 11 avril 2012 <\/strong>:<strong> Lyc\u00e9e Descartes de Tours<\/strong><\/span><\/p>\n<p><span style=\"color: #008000;\"><strong>Conf\u00e9rence n\u00b03 :\u00a0 <span style=\"color: #ff0000;\"><a style=\"color: #ff0000;\" title=\"Conf\u00e9rence n\u00b03\" href=\"https:\/\/udppc-jpc-orleans-tours.fr\/OT\/wp-content\/uploads\/jpc2012\/energies.pdf\" target=\"_blank\">\u00ab\u00a0La Chimie au service des Nouvelles Energies\u00bb par \u00a0B\u00e9n\u00e9dicte Montigny et Magaly Caravanier , \u00a0PCMB\/UFR Sciences, Tours<\/a><\/span><\/strong><\/span><\/p>\n<p><span style=\"color: #008000;\"><strong>Conf\u00e9rence n\u00b04 : <span style=\"color: #ff0000;\"><a style=\"color: #ff0000;\" title=\"Conf\u00e9rence n\u00b04 - JPC2012\" href=\"https:\/\/udppc-jpc-orleans-tours.fr\/OT\/wp-content\/uploads\/2014\/10\/thermique.pdf\" target=\"_blank\">\u00ab\u00a0 Caract\u00e9risation et mod\u00e9lisation des propri\u00e9t\u00e9s thermiques de milieux h\u00e9t\u00e9rog\u00e8nes \u00bb, par Denis ROCHAIS, \u00a0CEA \/ Le Ripault<\/a><\/span><\/strong><\/span><\/p>\n<p><strong><span style=\"color: #800080;\">Ateliers p\u00e9dagogiques :<\/span><\/strong><\/p>\n<p><span style=\"color: #ff0000;\"><a style=\"color: #ff0000;\" title=\"Atelier SL - JPC2012\" href=\"https:\/\/udppc-jpc-orleans-tours.fr\/OT\/wp-content\/uploads\/jpc2012\/Atelier_SL_JPC_2012.zip\" target=\"_blank\">A01\u00a0: \u00ab\u00a0Echanges de pratiques et approche par comp\u00e9tences dans les enseignements d\u2019exploration : M.P.S. et S.L.\u201d anim\u00e9 par Jos\u00e9 ABLANCOURT, Arnaud SOULAS et Jean-Philippe FRESLON<\/a><\/span><\/p>\n<p><span style=\"color: #800080;\">A02\u00a0: \u00abhistoires de projets : d\u00e9couvrir les particules gr\u00e2ce a une chambre a brouillard ou ballon solaire \u00bb anim\u00e9 par Christian MARIAUD\u00a0 et Emmanuel THIBAULT<\/span><\/p>\n<p><span style=\"color: #800080;\">A03\u00a0: \u00ab\u00a0vers plus de mise en autonomie des \u00e9l\u00e8ves au coll\u00e8ge\u00a0\u00bb anim\u00e9 par Nicolas HERBERT<\/span><\/p>\n<p><span style=\"color: #800080;\">A04\u00a0: \u00ab\u00a0Echange de pratique entre agents de labo (Descartes et ITRF) &#8211; TABLE RONDE\u00a0\u00bb avec Philippe PARIS et Vincent GUASTAVINO<\/span><\/p>\n<p><span style=\"color: #ff0000;\"><a style=\"color: #ff0000;\" title=\"Atelier BTS JPC2012\" href=\"https:\/\/udppc-jpc-orleans-tours.fr\/OT\/wp-content\/uploads\/jpc2012\/liaison_BTS-BACPRO-STI2D.pdf\" target=\"_blank\">A05\u00a0: \u00ab\u00a0Travail par comp\u00e9tences en fili\u00e8re STI2D et en lyc\u00e9e professionnel\u00a0\u00bb anim\u00e9 par Christiane SELLIER et Marie-Claude BARRASSE<\/a><\/span><\/p>\n<p><span style=\"color: #800080;\">A06\u00a0: \u00ab\u00a0Identification des mol\u00e9cules organiques \u00e0 l&rsquo;aide des spectroscopies RMN 1H et IR en terminale S \u00bb anim\u00e9 par Florent PANNETIER<\/span><\/p>\n<p><span style=\"color: #ff0000;\"><a style=\"color: #ff0000;\" title=\"Atelier TS JPC2012\" href=\"https:\/\/udppc-jpc-orleans-tours.fr\/OT\/wp-content\/uploads\/jpc2012\/Atelier_TS_JPC_2012.zip\" target=\"_blank\">A07\u00a0: \u00ab\u00a0Nouveaut\u00e9s p\u00e9dagogiques en TS\u00bb anim\u00e9 par M\u00e9lanie PERRIN et S\u00e9bastien BOURDREUX<\/a><\/span><\/p>\n<p><span style=\"color: #800080;\">A08\u00a0: \u00ab\u00a0Activit\u00e9s autour de la Physique quantique et de la Relativit\u00e9 en terminale\u00bb anim\u00e9 par Lo\u00efc VILLAIN, Amaury MOUCHET et Pierre ANDREI<\/span><\/p>\n<p><span style=\"color: #800080;\">A09\u00a0: \u00ab\u00a0Liaison lyc\u00e9e universit\u00e9\u00bb anim\u00e9 par Y. LANSAC et E. OLIVE et Aude JACQUES<\/span><\/p>\n<p><span style=\"color: #800080;\">A10\u00a0: \u00ab\u00a0L&rsquo;enseignement de l&rsquo;esprit critique\u00bb anim\u00e9 par Olivier BRODIER et Kevin MORAND<\/span><\/p>\n","protected":false},"excerpt":{"rendered":"<p>Mardi 10 avril 2012 : Universit\u00e9 Fran\u00e7ois Rabelais de Tours Conf\u00e9rence n\u00b01 : \u00ab\u00a0Au-del\u00e0 des r\u00e9volutions quantique et relativiste ?\u00a0\u00bb\u00a0 Par Lo\u00efc VILLAIN, L.M.P.T. de Tours Conf\u00e9rence n\u00b02 : \u00ab L&rsquo;\u00e9l\u00e9gante efficacit\u00e9 des sym\u00e9tries en physique et ailleurs\u00bb par Amaury MOUCHET, L.M.P.T de Tours Visite d&rsquo;entreprise :\u00a0 \u00ab\u00a0ST Microelectronics\u00a0\u00bb D\u00e9p\u00f4ts par ablation laser, salle blanche \u00ab\u00a0entreprise INDENA \u00bb extraction de<\/p>\n","protected":false},"author":1,"featured_media":0,"parent":0,"menu_order":0,"comment_status":"closed","ping_status":"open","template":"","meta":{"footnotes":""},"class_list":["post-38","page","type-page","status-publish","hentry"],"_links":{"self":[{"href":"https:\/\/udppc-jpc-orleans-tours.fr\/OT\/wp-json\/wp\/v2\/pages\/38","targetHints":{"allow":["GET"]}}],"collection":[{"href":"https:\/\/udppc-jpc-orleans-tours.fr\/OT\/wp-json\/wp\/v2\/pages"}],"about":[{"href":"https:\/\/udppc-jpc-orleans-tours.fr\/OT\/wp-json\/wp\/v2\/types\/page"}],"author":[{"embeddable":true,"href":"https:\/\/udppc-jpc-orleans-tours.fr\/OT\/wp-json\/wp\/v2\/users\/1"}],"replies":[{"embeddable":true,"href":"https:\/\/udppc-jpc-orleans-tours.fr\/OT\/wp-json\/wp\/v2\/comments?post=38"}],"version-history":[{"count":24,"href":"https:\/\/udppc-jpc-orleans-tours.fr\/OT\/wp-json\/wp\/v2\/pages\/38\/revisions"}],"predecessor-version":[{"id":460,"href":"https:\/\/udppc-jpc-orleans-tours.fr\/OT\/wp-json\/wp\/v2\/pages\/38\/revisions\/460"}],"wp:attachment":[{"href":"https:\/\/udppc-jpc-orleans-tours.fr\/OT\/wp-json\/wp\/v2\/media?parent=38"}],"curies":[{"name":"wp","href":"https:\/\/api.w.org\/{rel}","templated":true}]}}