{"id":36,"date":"2014-10-25T09:51:09","date_gmt":"2014-10-25T08:51:09","guid":{"rendered":"http:\/\/orleans-tours.udppc.asso.fr\/OT\/?page_id=36"},"modified":"2014-12-12T15:46:35","modified_gmt":"2014-12-12T14:46:35","slug":"jpc2013","status":"publish","type":"page","link":"https:\/\/udppc-jpc-orleans-tours.fr\/OT\/jpc2013\/","title":{"rendered":"JPC2013 BOURGES"},"content":{"rendered":"<p><span style=\"font-family: times new roman,times;\"><span style=\"color: #ff0000;\"><strong>Mercredi 13 f\u00e9vrier 2013<\/strong> <\/span>:<strong><span style=\"color: #0000ff;\"> Facult\u00e9 des Sciences &#8211; Site de Bourges<br \/>\n<\/span><\/strong><\/span><\/p>\n<p><span style=\"font-family: times new roman,times;\"><span style=\"color: #008000;\"><strong>Conf\u00e9rence n\u00b01 :\u00a0<\/strong><\/span><span style=\"color: #0000ff;\"><span style=\"color: #ff0000;\"><a style=\"color: #ff0000;\" title=\"La chaleur et les transferts thermiquess\" href=\"https:\/\/udppc-jpc-orleans-tours.fr\/OT\/wp-content\/uploads\/jpc2013\/Conference_La chaleur et les transferts thermiques.pdf\" target=\"_blank\"><strong> \u00ab La chaleur et les transferts thermiques \u00bb <\/strong><\/a><\/span>par <strong>Charles DE IZARRA, Professeur \u00e0 l\u2019universit\u00e9 d\u2019Orl\u00e9ans, Facult\u00e9 des S<\/strong><strong>ci<\/strong><strong>en<\/strong><strong>c<\/strong><strong>e<\/strong><strong>s site de Bourges. GREMI UMR7344 CNRS &amp; Universit\u00e9 d\u2019Orl\u00e9ans<\/strong><\/span><\/span><\/p>\n<p><span style=\"color: #008000; font-family: times new roman,times;\"><strong>Conf\u00e9rence n\u00b02 : <\/strong><span style=\"color: #0000ff;\"><strong>\u00ab Synth\u00e8se, s\u00e9paration, purification et caract\u00e9risation en synth\u00e8se organique\u00bb par Elsa ANSELMI, Laboratoire d\u2019Infectiologie et Sant\u00e9 Publique (UMR Universit\u00e9 \/ INRA 1282), Equipe \u201cRecherche et Innovation en Chimie M\u00e9dicinale\u201c Universit\u00e9 F. Rabelais, UFR Sciences &amp; Techniques<\/strong><\/span><\/span><\/p>\n<p><span style=\"color: #800080; font-family: times new roman,times;\"><strong>V<span style=\"color: #800080;\">isite de laboratoires :<\/span><\/strong><\/span><\/p>\n<ul style=\"list-style-type: square;\">\n<li><span style=\"font-size: 12pt; font-family: times new roman,times;\"><strong><span style=\"color: #800080;\">GREMI :\u00a0\u00a0 physique des plasmas et interferometrie optique.<\/span><\/strong><\/span><\/li>\n<li><span style=\"font-size: 12pt; font-family: times new roman,times;\"><strong><span style=\"color: #800080;\">\u00a0Physique\u00a0\u00a0 des\u00a0\u00a0 plasmas, diagnostic\u00a0\u00a0 spectroscopique, soudage par plasma, utilisation des lasers en metrologie. physique des plasmas, radiofrequences a basse pression. facult\u00e9 des sciences, site de bourges<\/span><\/strong><\/span><\/li>\n<li><span style=\"font-family: times new roman,times; color: #800080;\"><em><span style=\"font-size: 12pt;\"><span style=\"font-family: times new roman,times;\"><strong>PRISME : equipe \u00ab combustion explosion \u00bb. campus de l\u2019iut de bourges, universit\u00e9 d\u2019orl\u00e9ans<\/strong><\/span> \u00a0\u00a0<\/span> <\/em><\/span><\/li>\n<\/ul>\n<p><span style=\"font-family: times new roman,times;\"><strong><span style=\"color: #800080;\">Ateliers p\u00e9dagogiques :<\/span><\/strong><\/span><\/p>\n<ul style=\"list-style-type: disc;\">\n<li><span style=\"color: #800080; font-family: times new roman,times;\"><strong>\u00ab<\/strong> <strong>C<\/strong><strong>O<\/strong><strong>MPETENCES<\/strong> <strong>M<\/strong><strong>ATHEMATIQUES<\/strong> <strong>E<\/strong><strong>N<\/strong> <strong>S<\/strong><strong>CIENCES<\/strong> <strong>AU<\/strong> <strong>C<\/strong><strong>OLL<\/strong><strong>E<\/strong><strong>G<\/strong><strong>E<\/strong> <strong>\u00bb a<\/strong>nim\u00e9 par <strong>Murielle SABATIER<\/strong> <\/span><\/li>\n<li><span style=\"color: #800080; font-family: times new roman,times;\"><strong>\u00ab<\/strong> <strong>E<\/strong><strong>X<\/strong><strong>TRAIRE<\/strong> <strong>E<\/strong><strong>T<\/strong> <strong>E<\/strong><strong>X<\/strong><strong>PLOITER<\/strong> <strong>L<\/strong><strong>\u2019I<\/strong><strong>NFORMATION<\/strong> <strong>E<\/strong><strong>N<\/strong> <strong>T<\/strong><strong>E<\/strong><strong>R<\/strong><strong>MINALE<\/strong> <strong>S<\/strong> <strong>\u00bb a<\/strong>nim\u00e9 par <span style=\"color: #ff0000;\"><a style=\"color: #ff0000;\" title=\"EEI Jos\u00e9 ABLANCOURT - JPC2013\" href=\"https:\/\/udppc-jpc-orleans-tours.fr\/OT\/wp-content\/uploads\/jpc2013\/EEI_TS_doc2.zip\"><strong>J<\/strong><strong>os\u00e9 ABLANCOURT <\/strong><\/a><\/span>et <span style=\"color: #ff0000;\"><a style=\"color: #ff0000;\" title=\"EEI Arnaud SOULAS - JPC2013\" href=\"https:\/\/udppc-jpc-orleans-tours.fr\/OT\/wp-content\/uploads\/jpc2013\/EEI_TS_doc1.zip\"><strong>A<\/strong><strong>rnaud SOULAS<\/strong><\/a><\/span><\/span><\/li>\n<li><span style=\"color: #800080; font-family: times new roman,times;\"><strong>\u00ab<\/strong> <strong>L<\/strong><strong>IAISON<\/strong> <strong>L<\/strong><strong>YCEE<\/strong> <strong>E<\/strong><strong>T<\/strong> <strong>E<\/strong><strong>NSEIGNEMENT<\/strong> <strong>S<\/strong><strong>U<\/strong><strong>PERIEUR<\/strong> <strong>\u00bb<\/strong>Anim\u00e9 par <strong>Florent PANNETIER<\/strong> <\/span><\/li>\n<\/ul>\n<ul style=\"list-style-type: disc;\">\n<li><span style=\"color: #800080; font-family: times new roman,times;\"><strong>\u00ab<\/strong> <strong>E<\/strong><strong>CHANGE<\/strong> <strong>DE<\/strong> <strong>P<\/strong><strong>R<\/strong><strong>ATIQUES<\/strong> <strong>S<\/strong><strong>T<\/strong><strong>L<\/strong><strong>\/STI2D\/BTS<\/strong><strong> \u00bb <\/strong>Anim\u00e9 par <strong>Christiane SELLIER <\/strong>et <strong>Marie-Claude BARRASSE\u00a0 <\/strong><\/span><\/li>\n<li><span style=\"color: #800080; font-family: times new roman,times;\"><strong>\u00ab<\/strong> <strong>E<\/strong><strong>V<\/strong><strong>ALUATION<\/strong> <strong>PAR<\/strong> <strong>C<\/strong><strong>O<\/strong><strong>MPETENCES<\/strong> <strong>\u00bb <\/strong>Anim\u00e9\u00a0\u00a0 par <strong>Laurence\u00a0\u00a0 DAGOUSSET,\u00a0\u00a0 Fran\u00e7oise\u00a0\u00a0 MARCADET\u00a0\u00a0 <\/strong>et\u00a0\u00a0 <strong>Florence TROUILLET, avec la participation de M\u00e9lanie PERRIN, IA-IPR de Sciences-Physiques\u00a0 <\/strong><\/span><\/li>\n<li><span style=\"color: #800080; font-family: times new roman,times;\"><strong>\u00ab<\/strong> <strong>A<\/strong><strong>CCOMPAGNEMENT<\/strong> <strong>P<\/strong><strong>E<\/strong><strong>R<\/strong><strong>S<\/strong><strong>O<\/strong><strong>NNALISE<\/strong> <strong>\u00bb <\/strong>Anim\u00e9 par <strong>S<\/strong><strong>\u00e9verine LEGET, C\u00e9dric BERGERAS et Philippe CHEVALLIER\u00a0 <\/strong><\/span><\/li>\n<li><span style=\"color: #800080; font-family: times new roman,times;\"><strong>\u00ab<\/strong> <strong>O<\/strong><strong>U<\/strong><strong>TILS<\/strong> <strong>N<\/strong><strong>U<\/strong><strong>MERIQUES<\/strong> <strong>AU<\/strong> <strong>S<\/strong><strong>E<\/strong><strong>R<\/strong><strong>V<\/strong><strong>ICE<\/strong> <strong>DE<\/strong><strong> L<\/strong><strong>\u2019E<\/strong><strong>NSEIGNANT<\/strong> <strong>\u00bb <\/strong>Anim\u00e9 par <strong>Tony BOIVIN <\/strong>et <strong>A<\/strong><strong>llain-G\u00e9rald FAUX<\/strong><\/span><\/li>\n<\/ul>\n","protected":false},"excerpt":{"rendered":"<p>Mercredi 13 f\u00e9vrier 2013 : Facult\u00e9 des Sciences &#8211; Site de Bourges Conf\u00e9rence n\u00b01 :\u00a0 \u00ab La chaleur et les transferts thermiques \u00bb par Charles DE IZARRA, Professeur \u00e0 l\u2019universit\u00e9 d\u2019Orl\u00e9ans, Facult\u00e9 des Sciences site de Bourges. GREMI UMR7344 CNRS &amp; Universit\u00e9 d\u2019Orl\u00e9ans Conf\u00e9rence n\u00b02 : \u00ab Synth\u00e8se, s\u00e9paration, purification et caract\u00e9risation en synth\u00e8se organique\u00bb par Elsa ANSELMI, Laboratoire d\u2019Infectiologie<\/p>\n","protected":false},"author":1,"featured_media":0,"parent":0,"menu_order":0,"comment_status":"closed","ping_status":"open","template":"","meta":{"footnotes":""},"class_list":["post-36","page","type-page","status-publish","hentry"],"_links":{"self":[{"href":"https:\/\/udppc-jpc-orleans-tours.fr\/OT\/wp-json\/wp\/v2\/pages\/36","targetHints":{"allow":["GET"]}}],"collection":[{"href":"https:\/\/udppc-jpc-orleans-tours.fr\/OT\/wp-json\/wp\/v2\/pages"}],"about":[{"href":"https:\/\/udppc-jpc-orleans-tours.fr\/OT\/wp-json\/wp\/v2\/types\/page"}],"author":[{"embeddable":true,"href":"https:\/\/udppc-jpc-orleans-tours.fr\/OT\/wp-json\/wp\/v2\/users\/1"}],"replies":[{"embeddable":true,"href":"https:\/\/udppc-jpc-orleans-tours.fr\/OT\/wp-json\/wp\/v2\/comments?post=36"}],"version-history":[{"count":9,"href":"https:\/\/udppc-jpc-orleans-tours.fr\/OT\/wp-json\/wp\/v2\/pages\/36\/revisions"}],"predecessor-version":[{"id":233,"href":"https:\/\/udppc-jpc-orleans-tours.fr\/OT\/wp-json\/wp\/v2\/pages\/36\/revisions\/233"}],"wp:attachment":[{"href":"https:\/\/udppc-jpc-orleans-tours.fr\/OT\/wp-json\/wp\/v2\/media?parent=36"}],"curies":[{"name":"wp","href":"https:\/\/api.w.org\/{rel}","templated":true}]}}