{"id":256,"date":"2014-12-13T19:51:36","date_gmt":"2014-12-13T18:51:36","guid":{"rendered":"http:\/\/orleans-tours.udppc.asso.fr\/OT\/?page_id=256"},"modified":"2016-01-18T21:26:42","modified_gmt":"2016-01-18T20:26:42","slug":"jpc-2015","status":"publish","type":"page","link":"https:\/\/udppc-jpc-orleans-tours.fr\/OT\/jpc-2015\/","title":{"rendered":"JPC 2015 TOURS"},"content":{"rendered":"<p style=\"text-align: center;\"><span style=\"font-size: 18pt; color: #0000ff;\"><strong>MARDI 21 et MERCREDI 22 AVRIL 2015<\/strong><\/span><\/p>\n<p style=\"text-align: center;\"><span style=\"color: #ff0000; font-size: 14pt;\"><strong>CONFERENCES<\/strong><\/span><\/p>\n<p><strong><span style=\"color: #3366ff;\">Conf\u00e9rence n\u00b01 :<\/span><\/strong> Lorsque les \u00e9tats de la mati\u00e8re deviennent supers : superfluidit\u00e9 et supraconductivit\u00e9 \u00a0 \u2013 Jean-Claude SORET Professeur au d\u00e9partement de physique de l\u2019UFR de Tours et chercheurs au GREMAN<\/p>\n<p><span style=\"color: #3366ff;\"><strong>Conf\u00e9rence n\u00b02 :<\/strong><\/span> Rosetta: La com\u00e8te Churuymov-Gerasimenko livre ses secrets \u2013 Christelle Briois, Enseignant-Chercheur au laboratoire LPC2E, UMR 7328 CNRS-Universit\u00e9 d\u2019Orl\u00e9ans.<\/p>\n<p><strong><span style=\"color: #3366ff;\">Conf\u00e9rence n\u00b03 :\u00a0<\/span> <\/strong>Histoire des sciences\u00a0: \u00ab\u00a0L\u00e9onard de Vinci et la lumi\u00e8re \u00bb, Pascal BRIOIST, professeur \u00e0 l\u2019universit\u00e9 de Tours, chercheur au Centre d\u2019\u00e9tudes sup\u00e9rieur de la renaissance<\/p>\n<p><strong><span style=\"color: #3366ff;\">Conf\u00e9rence n\u00b04 :<\/span> <\/strong>Les ultrasons et l\u2019imagerie m\u00e9dicale \u2013 L\u00e9andre POURCELOT<\/p>\n<p><strong><span style=\"color: #3366ff;\"> Conf\u00e9rence n\u00b05 :<\/span> <\/strong>Synth\u00e8se organique: aspect fondamental et appliqu\u00e9 \u2013 J\u00e9r\u00f4me THIBONNET \u2013 Laboratoire de Recherche et Innovation en Chimie M\u00e9dicinale \u2013 UFR Sciences et Techniques \u2013 Tours<\/p>\n<p style=\"text-align: center;\"><span style=\"font-size: 14pt; color: #ff0000;\"><strong>VISITES D&rsquo;ENTREPRISES OU LABORATOIRES<\/strong><\/span><\/p>\n<p><strong><span style=\"color: #3366ff;\">Entreprises :<\/span><br \/>\n<\/strong><\/p>\n<ul>\n<li>VE1 : \u00ab\u00a0entreprise INDENA \u00bb <em>extraction de feuilles de\u00a0ginkgo\u00a0biloba,\u00a0p\u00e9pins\u00a0de raisins et olives.<\/em><\/li>\n<li>VE2 : \u00ab Air Liquide \u00bb<\/li>\n<li>VE3 : \u00ab ST MicroElectronics\u00bb<\/li>\n<\/ul>\n<p><span style=\"color: #3366ff;\"><strong>Laboratoires :<\/strong><\/span><\/p>\n<ul>\n<li>VL1 : Laboratoire d\u2019infectiologie et Sant\u00e9 publique (ISP) puis laboratoire Physico-Chimie des mat\u00e9riaux et des \u00e9lectrolytes pour l\u2019\u00e9nergie (PCM2E)<\/li>\n<li>VL2 : Laboratoire Physico-Chimie des mat\u00e9riaux et des \u00e9lectrolytes pour l\u2019\u00e9nergie (PCM2E) puis laboratoire d\u2019infectiologie et Sant\u00e9 publique (ISP)<\/li>\n<li>VL3 : Laboratoire de Math\u00e9matiques et Physique Th\u00e9orique (LMPT) puis laboratoire GREMAN<\/li>\n<li>VL4 : Laboratoire GREMAN puis\u00a0Laboratoire de Math\u00e9matiques et Physique Th\u00e9orique (LMPT)<\/li>\n<li>VL5 : Commissariat \u00e0 l\u2019\u00e9nergie atomique et aux \u00e9nergies alternatives (CEA)<\/li>\n<\/ul>\n<p style=\"text-align: center;\"><span style=\"color: #ff0000; font-size: 14pt;\"><strong>ATELIERS P\u00c9DAGOGIQUES<br \/>\n<\/strong><\/span><\/p>\n<table width=\"993\">\n<tbody>\n<tr>\n<td width=\"76\">A01<\/td>\n<td width=\"529\">\u00ab\u00a0Astro-particule\u00a0\u00bb anim\u00e9 par Christian MARIAUD<\/td>\n<\/tr>\n<tr>\n<td width=\"76\">A02<\/td>\n<td width=\"529\">\u00abEnseigner la physique quantique et la relativit\u00e9 en terminale \u00bb anim\u00e9 par Lo\u00efc VILLAIN et Amaury MOUCHET<\/td>\n<\/tr>\n<tr>\n<td width=\"76\">A03<\/td>\n<td width=\"529\">\u00ab\u00a0Utilisation des smartphones ou tablettes en TP de Terminale S \u00bb anim\u00e9 par Emmanuel THIBAULT &amp; Philippe JEANJACQUOT<\/p>\n<div>le programme de la journ\u00e9e:<\/div>\n<div><a title=\"Programme de la journ\u00e9e \" href=\"http:\/\/acces.ens-lyon.fr\/acces\/classe\/numerique\/smartphones\/formations\/22-avril-2015-journees-udppc-a-tours\" target=\"_blank\">http:\/\/acces.ens-lyon.fr\/acces\/classe\/numerique\/smartphones\/formations\/22-avril-2015-journees-udppc-a-tours<\/a><\/div>\n<div><\/div>\n<div>le site complet sur les smartphones:<\/div>\n<div><a title=\"Les smarphones\" href=\"http:\/\/acces.ens-lyon.fr\/acces\/classe\/numerique\/smartphones\" target=\"_blank\">http:\/\/acces.ens-lyon.fr\/acces\/classe\/numerique\/smartphones<\/a><\/div>\n<div><\/div>\n<div>le site avec les activit\u00e9s en classe invers\u00e9e:<\/div>\n<div><a title=\"Activit\u00e9s en classe invers\u00e9e\" href=\"http:\/\/acces.ens-lyon.fr\/acces\/classe\/numerique\" target=\"_blank\">http:\/\/acces.ens-lyon.fr\/acces\/classe\/numerique<\/a><\/div>\n<\/td>\n<\/tr>\n<tr>\n<td width=\"76\">A04<\/td>\n<td width=\"529\"><a title=\"Les pi\u00e8ces jointes sont dans le fichier pdf (56 Mo)\" href=\"https:\/\/udppc-jpc-orleans-tours.fr\/OT\/wp-content\/uploads\/jpc2015\/PedagogieInversee-jpc.zip\" target=\"_blank\">\u00ab\u00a0La classe invers\u00e9e\u00a0\u00bb\u00a0 : Pourquoi ? comment ? anim\u00e9 par Fr\u00e9deric LAUJON &amp; L\u00e9ny ROBIN<\/a><\/td>\n<\/tr>\n<tr>\n<td width=\"76\">A05<\/td>\n<td width=\"529\">\u00a0\u00ab\u00a0L\u2019\u00e9valuation par comp\u00e9tences\u00a0au lyc\u00e9e\u00bb anim\u00e9 par Arnaud SOULAS, Florence TROUILLET &amp; Philippe CHEVALLIER<\/td>\n<\/tr>\n<tr>\n<td width=\"76\">A06<\/td>\n<td width=\"529\">\u00ab Progresser en groupe : une p\u00e9dagogie collaborative anim\u00e9 par Mathilde TOUZEAU (coll\u00e8ge) \u2013 St\u00e9phane WOLLENSACK (LP)<\/td>\n<\/tr>\n<\/tbody>\n<\/table>\n","protected":false},"excerpt":{"rendered":"<p>MARDI 21 et MERCREDI 22 AVRIL 2015 CONFERENCES Conf\u00e9rence n\u00b01 : Lorsque les \u00e9tats de la mati\u00e8re deviennent supers : superfluidit\u00e9 et supraconductivit\u00e9 \u00a0 \u2013 Jean-Claude SORET Professeur au d\u00e9partement de physique de l\u2019UFR de Tours et chercheurs au GREMAN Conf\u00e9rence n\u00b02 : Rosetta: La com\u00e8te Churuymov-Gerasimenko livre ses secrets \u2013 Christelle Briois, Enseignant-Chercheur au laboratoire LPC2E, UMR 7328 CNRS-Universit\u00e9<\/p>\n","protected":false},"author":1,"featured_media":0,"parent":0,"menu_order":0,"comment_status":"closed","ping_status":"open","template":"","meta":{"footnotes":""},"class_list":["post-256","page","type-page","status-publish","hentry"],"_links":{"self":[{"href":"https:\/\/udppc-jpc-orleans-tours.fr\/OT\/wp-json\/wp\/v2\/pages\/256","targetHints":{"allow":["GET"]}}],"collection":[{"href":"https:\/\/udppc-jpc-orleans-tours.fr\/OT\/wp-json\/wp\/v2\/pages"}],"about":[{"href":"https:\/\/udppc-jpc-orleans-tours.fr\/OT\/wp-json\/wp\/v2\/types\/page"}],"author":[{"embeddable":true,"href":"https:\/\/udppc-jpc-orleans-tours.fr\/OT\/wp-json\/wp\/v2\/users\/1"}],"replies":[{"embeddable":true,"href":"https:\/\/udppc-jpc-orleans-tours.fr\/OT\/wp-json\/wp\/v2\/comments?post=256"}],"version-history":[{"count":19,"href":"https:\/\/udppc-jpc-orleans-tours.fr\/OT\/wp-json\/wp\/v2\/pages\/256\/revisions"}],"predecessor-version":[{"id":459,"href":"https:\/\/udppc-jpc-orleans-tours.fr\/OT\/wp-json\/wp\/v2\/pages\/256\/revisions\/459"}],"wp:attachment":[{"href":"https:\/\/udppc-jpc-orleans-tours.fr\/OT\/wp-json\/wp\/v2\/media?parent=256"}],"curies":[{"name":"wp","href":"https:\/\/api.w.org\/{rel}","templated":true}]}}