{"id":17,"date":"2014-10-24T17:00:53","date_gmt":"2014-10-24T16:00:53","guid":{"rendered":"http:\/\/orleans-tours.udppc.asso.fr\/OT\/?page_id=17"},"modified":"2019-10-24T22:07:11","modified_gmt":"2019-10-24T21:07:11","slug":"telechargement","status":"publish","type":"page","link":"https:\/\/udppc-jpc-orleans-tours.fr\/OT\/telechargement\/","title":{"rendered":"Textes BO"},"content":{"rendered":"<p style=\"text-align: center;\"><strong><span style=\"color: #ff0000;\">Textes parus au Bulletin officiel <\/span><\/strong><\/p>\n<p style=\"text-align: center;\"><strong><span style=\"color: #ff0000;\">Programmes du coll\u00e8ge et Lyc\u00e9e :\u00a0<\/span><\/strong><\/p>\n<p style=\"text-align: center;\"><span style=\"color: #0000ff;\">Au coll\u00e8ge :<\/span><\/p>\n<ul style=\"list-style-type: disc;\">\n<li style=\"text-align: left;\"><a title=\"College\" href=\"https:\/\/udppc-jpc-orleans-tours.fr\/OT\/wp-content\/uploads\/2019\/10\/2016_Physique_Chimie_Cycle_4.pdf\" target=\"_blank\" rel=\"noopener noreferrer\">Physique\/Chimie en 5\u00e8me, 4\u00e8me et 3\u00e8me<\/a><\/li>\n<\/ul>\n<p style=\"text-align: center;\"><span style=\"color: #0000ff;\">Classe de seconde :<\/span><\/p>\n<ul style=\"list-style-type: disc;\">\n<li style=\"text-align: left;\"><a title=\"2nde\" href=\"https:\/\/udppc-jpc-orleans-tours.fr\/OT\/wp-content\/uploads\/2019\/10\/2nde-programme-PC.pdf\" target=\"_blank\" rel=\"noopener noreferrer\">Physique\/Chimie en 2nde <\/a>(programme 2019)<\/li>\n<li style=\"text-align: left;\"><a title=\"SL\" href=\"https:\/\/udppc-jpc-orleans-tours.fr\/OT\/wp-content\/uploads\/2019\/10\/sciences_et_labo_opt_annexe_2egt_bo.pdf\" target=\"_blank\" rel=\"noopener noreferrer\">Sciences et laboratoire en 2nde <\/a>(programme 2019)<\/li>\n<\/ul>\n<p style=\"text-align: center;\"><span style=\"color: #0000ff;\">Classe de 1\u00e8re :<\/span><\/p>\n<ul style=\"list-style-type: disc;\">\n<li style=\"text-align: left;\"><a title=\"1\u00e8re STI2D\" href=\"https:\/\/udppc-jpc-orleans-tours.fr\/OT\/wp-content\/uploads\/2019\/10\/sti2d_programme.pdf\" target=\"_blank\" rel=\"noopener noreferrer\">Physique\/chimie en 1\u00e8re STI2D (sp\u00e9cialit\u00e9)<\/a> &#8211; programme 2019<\/li>\n<li style=\"text-align: left;\"><a href=\"https:\/\/udppc-jpc-orleans-tours.fr\/OT\/wp-content\/uploads\/2019\/10\/physique_spe_annexe_1eg_bo.pdf\" target=\"_blank\" rel=\"noopener noreferrer\">Physique\/Chimie en 1\u00e8re S (sp\u00e9cialit\u00e9)<\/a> &#8211; programme 2019<\/li>\n<li style=\"text-align: left;\"><a href=\"https:\/\/udppc-jpc-orleans-tours.fr\/OT\/wp-content\/uploads\/2019\/10\/ens_sci_com_annexe_1eg_bo.pdf\" target=\"_blank\" rel=\"noopener noreferrer\">Enseignement scientifique (<\/a>programme 2019)<\/li>\n<\/ul>\n<p style=\"text-align: center;\"><span style=\"color: #0000ff;\">Classe de Terminale :<\/span><\/p>\n<ul style=\"list-style-type: disc;\">\n<li style=\"text-align: left;\">Physique\/Chimie en Terminale STI2D\/STL<\/li>\n<li style=\"text-align: left;\"><a title=\"TS\" href=\"https:\/\/udppc-jpc-orleans-tours.fr\/OT\/wp-content\/uploads\/2019\/10\/sp\u00e9cialit\u00e9_PC_g\u00e9n\u00e9rale.pdf\" target=\"_blank\" rel=\"noopener noreferrer\">Physique\/Chimie en Terminale (sp\u00e9cialit\u00e9)<\/a> &#8211; programme 2020<\/li>\n<\/ul>\n\n","protected":false},"excerpt":{"rendered":"<p>Textes parus au Bulletin officiel Programmes du coll\u00e8ge et Lyc\u00e9e :\u00a0 Au coll\u00e8ge : Physique\/Chimie en 5\u00e8me, 4\u00e8me et 3\u00e8me Classe de seconde : Physique\/Chimie en 2nde (programme 2019) Sciences et laboratoire en 2nde (programme 2019) Classe de 1\u00e8re : Physique\/chimie en 1\u00e8re STI2D (sp\u00e9cialit\u00e9) &#8211; programme 2019 Physique\/Chimie en 1\u00e8re S (sp\u00e9cialit\u00e9) &#8211; programme 2019 Enseignement scientifique (programme 2019)<\/p>\n","protected":false},"author":1,"featured_media":0,"parent":0,"menu_order":0,"comment_status":"closed","ping_status":"open","template":"","meta":{"footnotes":""},"class_list":["post-17","page","type-page","status-publish","hentry"],"_links":{"self":[{"href":"https:\/\/udppc-jpc-orleans-tours.fr\/OT\/wp-json\/wp\/v2\/pages\/17","targetHints":{"allow":["GET"]}}],"collection":[{"href":"https:\/\/udppc-jpc-orleans-tours.fr\/OT\/wp-json\/wp\/v2\/pages"}],"about":[{"href":"https:\/\/udppc-jpc-orleans-tours.fr\/OT\/wp-json\/wp\/v2\/types\/page"}],"author":[{"embeddable":true,"href":"https:\/\/udppc-jpc-orleans-tours.fr\/OT\/wp-json\/wp\/v2\/users\/1"}],"replies":[{"embeddable":true,"href":"https:\/\/udppc-jpc-orleans-tours.fr\/OT\/wp-json\/wp\/v2\/comments?post=17"}],"version-history":[{"count":15,"href":"https:\/\/udppc-jpc-orleans-tours.fr\/OT\/wp-json\/wp\/v2\/pages\/17\/revisions"}],"predecessor-version":[{"id":908,"href":"https:\/\/udppc-jpc-orleans-tours.fr\/OT\/wp-json\/wp\/v2\/pages\/17\/revisions\/908"}],"wp:attachment":[{"href":"https:\/\/udppc-jpc-orleans-tours.fr\/OT\/wp-json\/wp\/v2\/media?parent=17"}],"curies":[{"name":"wp","href":"https:\/\/api.w.org\/{rel}","templated":true}]}}