{"id":109,"date":"2014-10-25T20:13:43","date_gmt":"2014-10-25T19:13:43","guid":{"rendered":"http:\/\/orleans-tours.udppc.asso.fr\/OT\/?page_id=109"},"modified":"2023-04-13T17:04:23","modified_gmt":"2023-04-13T16:04:23","slug":"qui-sommes-nous","status":"publish","type":"page","link":"https:\/\/udppc-jpc-orleans-tours.fr\/OT\/qui-sommes-nous\/","title":{"rendered":"Qui sommes nous ?"},"content":{"rendered":"<p style=\"text-align: left;\"><span style=\"text-decoration: underline;\"><strong><span style=\"color: #0000ff; text-decoration: underline;\">Membres du bureau de l&rsquo;acad\u00e9mie Orl\u00e9ans-Tours : <\/span><\/strong><\/span><\/p>\n<p><strong>Pr\u00e9sident et Courrier : <span style=\"color: #0000ff;\">Murielle Sabatier<\/span><\/strong><strong>\u00a0&#8211; <\/strong><a href=\"mailto:pa_orleans-tours@udppc.asso.fr\"><strong>pa_orleans-tours@udppc.asso.fr <span style=\"color: #0000ff;\">(membre du conseil national)<\/span><\/strong><\/a>\u00a0 ou\u00a0 <strong><a href=\"mailto:murielle.sabatier@ac-orleans-tours.fr\">murielle.sabatier@ac-orleans-tours.fr<\/a><\/strong><\/p>\n<p><strong>Vice-pr\u00e9sidente : <\/strong><strong><span style=\"color: #0000ff;\">Christelle Debr\u00e9e<\/span> &#8211; <a href=\"mailto:christelledebree@gmail.com\">christelledebree@gmail.com<\/a><\/strong><\/p>\n<p><strong>T<\/strong><strong>r\u00e9sorier : <\/strong><strong><span style=\"color: #0000ff;\">David Dufour &#8211; <a href=\"mailto:tresorerie_orleans-tours@udppc.asso.fr\">tresorerie_orleans-tours@udppc.asso.fr<\/a><\/span><\/strong><a href=\"mailto:sellierchristiane@yahoo.fr\"><strong><br \/>\n<\/strong><\/a><strong>Tr\u00e9sori\u00e8re adjointe<\/strong><strong> : <span style=\"color: #0000ff;\">Marie-S\u00e9verine Dufour &#8211; <a href=\"mailto:dufour-prof@yahoo.fr\">dufour-prof@yahoo.fr<\/a><\/span><\/strong><span style=\"color: #0000ff;\"><a style=\"color: #0000ff;\" href=\"mailto:sellierchristiane@yahoo.fr\"><strong><br \/>\n<\/strong><\/a><\/span><strong>Coll\u00e8ge : <span style=\"color: #0000ff;\">Arnelle Boich\u00e9 &#8211; <a href=\"mailto:arnelle.boiche@ac-orleans-tours.fr\">arnelle.boiche@ac-orleans-tours.fr<\/a><\/span><\/strong><\/p>\n<p><strong>Chimie (olympiades) : <\/strong><span style=\"color: #0000ff;\"><strong>Agn\u00e8s Rouzaire &#8211; <a href=\"mailto:mmerouzaire@free.fr\">mmerouzaire@free.fr<\/a><\/strong><\/span><\/p>\n<p><span style=\"color: #0000ff;\"><strong><span style=\"color: #000000;\">Lyc\u00e9e :<\/span> Jos\u00e9 Ablancourt &#8211; <a href=\"mailto:jose.ablancourt@wanadoo.fr\">jose.ablancourt@wanadoo.fr<\/a> et Christelle Debr\u00e9e &#8211; <a href=\"mailto:christelledebree@gmail.com\">christelledebree@gmail.com<\/a><br \/>\n<\/strong><\/span><\/p>\n<p><strong>Relations enseignement agricole : <\/strong><strong><span style=\"color: #0000ff;\">Luc Dufetel &#8211; <a href=\"mailto:luc.dufetel@educagri.fr\">luc.dufetel@educagri.fr<\/a><\/span><br \/>\n<\/strong><\/p>\n<p><strong>Relations enseignement sup\u00e9rieur : <\/strong><span style=\"color: #0000ff;\"><strong>Florent Pannetier &#8211; <a href=\"mailto:florent_pannetier@hotmail.com\">florent_pannetier@hotmail.com<\/a><\/strong><strong><br \/>\n<\/strong><\/span><\/p>\n<p><strong>Relations \u00ab\u00a0Maison pour la science\u00a0\u00bb : <span style=\"color: #0000ff;\">Elodie Lebert\u00a0 &#8211; <a href=\"mailto:elodie.lebert@maisons-pour-la-science.org\">elodie.lebert@maisons-pour-la-science.org<\/a><\/span><br \/>\n<\/strong><\/p>\n<p><strong>W<\/strong><strong>ebmestre : <\/strong><strong><span style=\"color: #0000ff;\">Tony Boivin &#8211; <a href=\"mailto:tboivin@free.fr\">tboivin@free.fr<\/a><\/span><br \/>\n<\/strong><\/p>\n<p><strong>Autres membres : <\/strong><strong><span style=\"color: #0000ff;\">\u00a0L\u00e9ny Robin &#8211; <a href=\"mailto:leny.robin@ac-orleans-tours.fr\">leny.robin@ac-orleans-tours.fr<\/a><br \/>\n<\/span><\/strong><\/p>\n","protected":false},"excerpt":{"rendered":"<p>Membres du bureau de l&rsquo;acad\u00e9mie Orl\u00e9ans-Tours : Pr\u00e9sident et Courrier : Murielle Sabatier\u00a0&#8211; pa_orleans-tours@udppc.asso.fr (membre du conseil national)\u00a0 ou\u00a0 murielle.sabatier@ac-orleans-tours.fr Vice-pr\u00e9sidente : Christelle Debr\u00e9e &#8211; christelledebree@gmail.com Tr\u00e9sorier : David Dufour &#8211; tresorerie_orleans-tours@udppc.asso.fr Tr\u00e9sori\u00e8re adjointe : Marie-S\u00e9verine Dufour &#8211; dufour-prof@yahoo.fr Coll\u00e8ge : Arnelle Boich\u00e9 &#8211; arnelle.boiche@ac-orleans-tours.fr Chimie (olympiades) : Agn\u00e8s Rouzaire &#8211; mmerouzaire@free.fr Lyc\u00e9e : Jos\u00e9 Ablancourt &#8211; jose.ablancourt@wanadoo.fr et Christelle<\/p>\n","protected":false},"author":1,"featured_media":0,"parent":0,"menu_order":0,"comment_status":"closed","ping_status":"open","template":"","meta":{"footnotes":""},"class_list":["post-109","page","type-page","status-publish","hentry"],"_links":{"self":[{"href":"https:\/\/udppc-jpc-orleans-tours.fr\/OT\/wp-json\/wp\/v2\/pages\/109","targetHints":{"allow":["GET"]}}],"collection":[{"href":"https:\/\/udppc-jpc-orleans-tours.fr\/OT\/wp-json\/wp\/v2\/pages"}],"about":[{"href":"https:\/\/udppc-jpc-orleans-tours.fr\/OT\/wp-json\/wp\/v2\/types\/page"}],"author":[{"embeddable":true,"href":"https:\/\/udppc-jpc-orleans-tours.fr\/OT\/wp-json\/wp\/v2\/users\/1"}],"replies":[{"embeddable":true,"href":"https:\/\/udppc-jpc-orleans-tours.fr\/OT\/wp-json\/wp\/v2\/comments?post=109"}],"version-history":[{"count":9,"href":"https:\/\/udppc-jpc-orleans-tours.fr\/OT\/wp-json\/wp\/v2\/pages\/109\/revisions"}],"predecessor-version":[{"id":995,"href":"https:\/\/udppc-jpc-orleans-tours.fr\/OT\/wp-json\/wp\/v2\/pages\/109\/revisions\/995"}],"wp:attachment":[{"href":"https:\/\/udppc-jpc-orleans-tours.fr\/OT\/wp-json\/wp\/v2\/media?parent=109"}],"curies":[{"name":"wp","href":"https:\/\/api.w.org\/{rel}","templated":true}]}}